{"id":181,"date":"2023-04-11T12:27:30","date_gmt":"2023-04-11T12:27:30","guid":{"rendered":"https:\/\/www.zorba.gr\/?page_id=181"},"modified":"2023-10-19T09:14:28","modified_gmt":"2023-10-19T09:14:28","slug":"der-mythos","status":"publish","type":"page","link":"https:\/\/www.zorba.gr\/?page_id=181&lang=de","title":{"rendered":"Der Mythos"},"content":{"rendered":"\n<p>&#8220;Alexis Zorbas&#8221; ist mehr als nur ein Film; es ist eine endlose Reise in die menschliche Seele und ein Fest des Lebens. Im Herzen dieses Films steht der Mythos von Zorbas, einer Figur, die die Essenz des vollen Lebens verk\u00f6rpert. Zorbas tanzt leicht und enthusiastisch durchs Leben und lehrt uns, dass es in jedem Moment die M\u00f6glichkeit gibt, die Welt um uns herum zu genie\u00dfen. Seine Freude ist ansteckend, und seine freie Geisteshaltung erinnert uns daran, uns von den Fesseln der Routine zu befreien und das Ungew\u00f6hnliche zu umarmen.<\/p>\n\n\n\n<p>Der Mythos von Zorbas hallt in der weltweiten menschlichen Sehnsucht nach Freiheit und Selbstkenntnis wider. Er erinnert uns daran, dass wir nicht von unserer Vergangenheit begrenzt sind und uns nicht den sozialen Regeln unterwerfen m\u00fcssen; wir haben die Kraft, unser eigenes Schicksal zu gestalten. Zorbas&#8217; Tapferkeit trotzt den Schwierigkeiten und ermutigt uns, unseren \u00c4ngsten zu begegnen und die Chancen des Lebens mit beiden H\u00e4nden zu ergreifen. Er erinnert uns daran, dass nicht das Ziel selbst, sondern die Reise selbst die wahren Sch\u00e4tze des Lebens birgt.<\/p>\n\n\n\n<p>In einer Welt, die oft von Herausforderungen und Unsicherheiten gepr\u00e4gt ist, ist &#8220;Alexis Zorbas&#8221; ein Leuchtturm der Hoffnung. Er ermutigt uns, unseren inneren Zorbas zu finden, zur Musik unseres Herzens zu tanzen und mit Leidenschaft zu leben, jeden Wendepunkt und Moment unserer einzigartigen Reise zu umarmen. W\u00e4hrend wir Zorbas dabei zuschauen, wie er die Freuden des Lebens genie\u00dft, wird uns daran erinnert, dass auch wir ein Leben voller Sinn, Begeisterung und Liebe zu den wunderbaren Momenten f\u00fchren k\u00f6nnen, die unser Dasein wirklich unvergesslich machen. Lassen Sie uns eine Seite aus Zorbas&#8217; Buch nehmen und mit jedem Schritt, mit jedem Tanz, unsere eigene inspirierende Geschichte eines gut gelebten Lebens schreiben.<\/p>\n\n\n\n<hr class=\"wp-block-separator has-alpha-channel-opacity is-style-wide\"\/>\n\n\n\n<div class=\"wp-block-media-text alignwide is-stacked-on-mobile\"><figure class=\"wp-block-media-text__media\"><img loading=\"lazy\" decoding=\"async\" width=\"1024\" height=\"768\" src=\"https:\/\/www.zorba.gr\/wp-content\/uploads\/2023\/10\/p4230_i_h9_ab-1024x768-3.jpg\" alt=\"\" class=\"wp-image-398 size-full\" srcset=\"https:\/\/www.zorba.gr\/wp-content\/uploads\/2023\/10\/p4230_i_h9_ab-1024x768-3.jpg 1024w, https:\/\/www.zorba.gr\/wp-content\/uploads\/2023\/10\/p4230_i_h9_ab-1024x768-3-300x225.jpg 300w, https:\/\/www.zorba.gr\/wp-content\/uploads\/2023\/10\/p4230_i_h9_ab-1024x768-3-768x576.jpg 768w\" sizes=\"auto, (max-width: 1024px) 100vw, 1024px\" \/><\/figure><div class=\"wp-block-media-text__content\">\n<p>Zorbas der Grieche ist ein gro\u00dfartiger Film voller Leben, voller lustvoller, pulsierender, kontaktfreudiger Menschen.<\/p>\n<\/div><\/div>\n","protected":false},"excerpt":{"rendered":"<p>&#8220;Alexis Zorbas&#8221; ist mehr als nur ein Film; es ist eine endlose Reise in die menschliche Seele und ein Fest des Lebens. Im Herzen dieses Films steht der Mythos von Zorbas, einer Figur, die die Essenz des vollen Lebens verk\u00f6rpert. Zorbas tanzt leicht und enthusiastisch durchs Leben und lehrt uns, dass es in jedem Moment &hellip;<\/p>\n<p class=\"read-more\"> <a class=\"\" href=\"https:\/\/www.zorba.gr\/?page_id=181&#038;lang=de\"> <span class=\"screen-reader-text\">Der Mythos<\/span> Read More &raquo;<\/a><\/p>\n","protected":false},"author":1,"featured_media":0,"parent":0,"menu_order":0,"comment_status":"closed","ping_status":"closed","template":"","meta":{"site-sidebar-layout":"default","site-content-layout":"","ast-site-content-layout":"default","site-content-style":"default","site-sidebar-style":"default","ast-global-header-display":"","ast-banner-title-visibility":"","ast-main-header-display":"","ast-hfb-above-header-display":"","ast-hfb-below-header-display":"","ast-hfb-mobile-header-display":"","site-post-title":"","ast-breadcrumbs-content":"","ast-featured-img":"","footer-sml-layout":"","theme-transparent-header-meta":"","adv-header-id-meta":"","stick-header-meta":"","header-above-stick-meta":"","header-main-stick-meta":"","header-below-stick-meta":"","astra-migrate-meta-layouts":"set","ast-page-background-enabled":"default","ast-page-background-meta":{"desktop":{"background-color":"var(--ast-global-color-4)","background-image":"","background-repeat":"repeat","background-position":"center center","background-size":"auto","background-attachment":"scroll","background-type":"","background-media":"","overlay-type":"","overlay-color":"","overlay-gradient":""},"tablet":{"background-color":"","background-image":"","background-repeat":"repeat","background-position":"center center","background-size":"auto","background-attachment":"scroll","background-type":"","background-media":"","overlay-type":"","overlay-color":"","overlay-gradient":""},"mobile":{"background-color":"","background-image":"","background-repeat":"repeat","background-position":"center center","background-size":"auto","background-attachment":"scroll","background-type":"","background-media":"","overlay-type":"","overlay-color":"","overlay-gradient":""}},"ast-content-background-meta":{"desktop":{"background-color":"var(--ast-global-color-5)","background-image":"","background-repeat":"repeat","background-position":"center center","background-size":"auto","background-attachment":"scroll","background-type":"","background-media":"","overlay-type":"","overlay-color":"","overlay-gradient":""},"tablet":{"background-color":"var(--ast-global-color-5)","background-image":"","background-repeat":"repeat","background-position":"center center","background-size":"auto","background-attachment":"scroll","background-type":"","background-media":"","overlay-type":"","overlay-color":"","overlay-gradient":""},"mobile":{"background-color":"var(--ast-global-color-5)","background-image":"","background-repeat":"repeat","background-position":"center center","background-size":"auto","background-attachment":"scroll","background-type":"","background-media":"","overlay-type":"","overlay-color":"","overlay-gradient":""}},"footnotes":""},"class_list":["post-181","page","type-page","status-publish","hentry"],"yoast_head":"<!-- This site is optimized with the Yoast SEO plugin v21.5 - https:\/\/yoast.com\/wordpress\/plugins\/seo\/ -->\n<title>Der Mythos - Zorba der Grieche<\/title>\n<meta name=\"robots\" content=\"index, follow, max-snippet:-1, max-image-preview:large, max-video-preview:-1\" \/>\n<link rel=\"canonical\" href=\"https:\/\/www.zorba.gr\/?page_id=181&lang=de\" \/>\n<meta property=\"og:locale\" content=\"en_US\" \/>\n<meta property=\"og:type\" content=\"article\" \/>\n<meta property=\"og:title\" content=\"Der Mythos - Zorba der Grieche\" \/>\n<meta property=\"og:description\" content=\"&#8220;Alexis Zorbas&#8221; ist mehr als nur ein Film; es ist eine endlose Reise in die menschliche Seele und ein Fest des Lebens. Im Herzen dieses Films steht der Mythos von Zorbas, einer Figur, die die Essenz des vollen Lebens verk\u00f6rpert. Zorbas tanzt leicht und enthusiastisch durchs Leben und lehrt uns, dass es in jedem Moment &hellip; Der Mythos Read More &raquo;\" \/>\n<meta property=\"og:url\" content=\"https:\/\/www.zorba.gr\/?page_id=181&amp;lang=de\" \/>\n<meta property=\"og:site_name\" content=\"Zorba der Grieche\" \/>\n<meta property=\"article:modified_time\" content=\"2023-10-19T09:14:28+00:00\" \/>\n<meta property=\"og:image\" content=\"https:\/\/www.zorba.gr\/wp-content\/uploads\/2023\/10\/p4230_i_h9_ab-1024x768-3.jpg\" \/>\n<meta name=\"twitter:card\" content=\"summary_large_image\" \/>\n<meta name=\"twitter:label1\" content=\"Est. reading time\" \/>\n\t<meta name=\"twitter:data1\" content=\"2 minutes\" \/>\n<script type=\"application\/ld+json\" class=\"yoast-schema-graph\">{\"@context\":\"https:\/\/schema.org\",\"@graph\":[{\"@type\":\"WebPage\",\"@id\":\"https:\/\/www.zorba.gr\/?page_id=181&lang=de\",\"url\":\"https:\/\/www.zorba.gr\/?page_id=181&lang=de\",\"name\":\"Der Mythos - Zorba der Grieche\",\"isPartOf\":{\"@id\":\"https:\/\/www.zorba.gr\/#website\"},\"datePublished\":\"2023-04-11T12:27:30+00:00\",\"dateModified\":\"2023-10-19T09:14:28+00:00\",\"breadcrumb\":{\"@id\":\"https:\/\/www.zorba.gr\/?page_id=181&lang=de#breadcrumb\"},\"inLanguage\":\"en-US\",\"potentialAction\":[{\"@type\":\"ReadAction\",\"target\":[\"https:\/\/www.zorba.gr\/?page_id=181&lang=de\"]}]},{\"@type\":\"BreadcrumbList\",\"@id\":\"https:\/\/www.zorba.gr\/?page_id=181&lang=de#breadcrumb\",\"itemListElement\":[{\"@type\":\"ListItem\",\"position\":1,\"name\":\"Home\",\"item\":\"https:\/\/www.zorba.gr\/\"},{\"@type\":\"ListItem\",\"position\":2,\"name\":\"Der Mythos\"}]},{\"@type\":\"WebSite\",\"@id\":\"https:\/\/www.zorba.gr\/#website\",\"url\":\"https:\/\/www.zorba.gr\/\",\"name\":\"Zorba der Grieche\",\"description\":\"\",\"potentialAction\":[{\"@type\":\"SearchAction\",\"target\":{\"@type\":\"EntryPoint\",\"urlTemplate\":\"https:\/\/www.zorba.gr\/?s={search_term_string}\"},\"query-input\":\"required name=search_term_string\"}],\"inLanguage\":\"en-US\"}]}<\/script>\n<!-- \/ Yoast SEO plugin. -->","yoast_head_json":{"title":"Der Mythos - Zorba der Grieche","robots":{"index":"index","follow":"follow","max-snippet":"max-snippet:-1","max-image-preview":"max-image-preview:large","max-video-preview":"max-video-preview:-1"},"canonical":"https:\/\/www.zorba.gr\/?page_id=181&lang=de","og_locale":"en_US","og_type":"article","og_title":"Der Mythos - Zorba der Grieche","og_description":"&#8220;Alexis Zorbas&#8221; ist mehr als nur ein Film; es ist eine endlose Reise in die menschliche Seele und ein Fest des Lebens. Im Herzen dieses Films steht der Mythos von Zorbas, einer Figur, die die Essenz des vollen Lebens verk\u00f6rpert. Zorbas tanzt leicht und enthusiastisch durchs Leben und lehrt uns, dass es in jedem Moment &hellip; Der Mythos Read More &raquo;","og_url":"https:\/\/www.zorba.gr\/?page_id=181&lang=de","og_site_name":"Zorba der Grieche","article_modified_time":"2023-10-19T09:14:28+00:00","og_image":[{"url":"https:\/\/www.zorba.gr\/wp-content\/uploads\/2023\/10\/p4230_i_h9_ab-1024x768-3.jpg"}],"twitter_card":"summary_large_image","twitter_misc":{"Est. reading time":"2 minutes"},"schema":{"@context":"https:\/\/schema.org","@graph":[{"@type":"WebPage","@id":"https:\/\/www.zorba.gr\/?page_id=181&lang=de","url":"https:\/\/www.zorba.gr\/?page_id=181&lang=de","name":"Der Mythos - Zorba der Grieche","isPartOf":{"@id":"https:\/\/www.zorba.gr\/#website"},"datePublished":"2023-04-11T12:27:30+00:00","dateModified":"2023-10-19T09:14:28+00:00","breadcrumb":{"@id":"https:\/\/www.zorba.gr\/?page_id=181&lang=de#breadcrumb"},"inLanguage":"en-US","potentialAction":[{"@type":"ReadAction","target":["https:\/\/www.zorba.gr\/?page_id=181&lang=de"]}]},{"@type":"BreadcrumbList","@id":"https:\/\/www.zorba.gr\/?page_id=181&lang=de#breadcrumb","itemListElement":[{"@type":"ListItem","position":1,"name":"Home","item":"https:\/\/www.zorba.gr\/"},{"@type":"ListItem","position":2,"name":"Der Mythos"}]},{"@type":"WebSite","@id":"https:\/\/www.zorba.gr\/#website","url":"https:\/\/www.zorba.gr\/","name":"Zorba der Grieche","description":"","potentialAction":[{"@type":"SearchAction","target":{"@type":"EntryPoint","urlTemplate":"https:\/\/www.zorba.gr\/?s={search_term_string}"},"query-input":"required name=search_term_string"}],"inLanguage":"en-US"}]}},"_links":{"self":[{"href":"https:\/\/www.zorba.gr\/index.php?rest_route=\/wp\/v2\/pages\/181","targetHints":{"allow":["GET"]}}],"collection":[{"href":"https:\/\/www.zorba.gr\/index.php?rest_route=\/wp\/v2\/pages"}],"about":[{"href":"https:\/\/www.zorba.gr\/index.php?rest_route=\/wp\/v2\/types\/page"}],"author":[{"embeddable":true,"href":"https:\/\/www.zorba.gr\/index.php?rest_route=\/wp\/v2\/users\/1"}],"replies":[{"embeddable":true,"href":"https:\/\/www.zorba.gr\/index.php?rest_route=%2Fwp%2Fv2%2Fcomments&post=181"}],"version-history":[{"count":4,"href":"https:\/\/www.zorba.gr\/index.php?rest_route=\/wp\/v2\/pages\/181\/revisions"}],"predecessor-version":[{"id":400,"href":"https:\/\/www.zorba.gr\/index.php?rest_route=\/wp\/v2\/pages\/181\/revisions\/400"}],"wp:attachment":[{"href":"https:\/\/www.zorba.gr\/index.php?rest_route=%2Fwp%2Fv2%2Fmedia&parent=181"}],"curies":[{"name":"wp","href":"https:\/\/api.w.org\/{rel}","templated":true}]}}