{"id":187,"date":"2023-04-11T12:29:41","date_gmt":"2023-04-11T12:29:41","guid":{"rendered":"https:\/\/www.zorba.gr\/?page_id=187"},"modified":"2023-10-16T22:45:13","modified_gmt":"2023-10-16T22:45:13","slug":"die-liebe","status":"publish","type":"page","link":"https:\/\/www.zorba.gr\/?page_id=187&lang=de","title":{"rendered":"Die Liebe"},"content":{"rendered":"\n<p>&#8220;Alexis Sorbas&#8221; ist ein filmisches Meisterwerk, das das tiefe Potenzial der Liebe in ihren reinsten und komplexesten Formen beleuchtet. Im Kern ist dieser Film eine Hommage an die facettenreiche Natur der Liebe &#8211; die Liebe zum Leben, die Liebe zu einem anderen Menschen und letztendlich die Liebe zu sich selbst. Durch die lebhafte Figur von Alexis Sorbas und seinen unvergesslichen Tanz der Leidenschaft werden wir daran erinnert, dass Liebe eine Kraft ist, die Leben in das Allt\u00e4gliche hauchen und es mit Bedeutung erf\u00fcllen kann.<\/p>\n\n\n\n<p>In dieser zeitlosen Geschichte erleben wir das Erbl\u00fchen einer einzigartigen Freundschaft zwischen zwei M\u00e4nnern aus sehr unterschiedlichen Hintergr\u00fcnden, Basil und Sorbas. Ihre Verbindung \u00fcbersteigt die blo\u00dfe Kameradschaft; sie verk\u00f6rpert das Wesen der Liebe in ihrem wahrsten Sinne &#8211; eine Liebe, die Unterschiede akzeptiert, pers\u00f6nliches Wachstum f\u00f6rdert und die Sch\u00f6nheit menschlicher Verbindungen genie\u00dft. Sie dient als m\u00e4chtige Erinnerung daran, dass Liebe keine Grenzen kennt und wenn wir unsere Herzen anderen \u00f6ffnen, beginnen wir eine Reise des tiefgreifenden Wandels.<\/p>\n\n\n\n<p>W\u00e4hrend wir Sorbas mit ungez\u00fcgeltem Enthusiasmus tanzen sehen, werden wir ermutigt, die Liebe in all ihren Formen zu umarmen. Liebe hat die F\u00e4higkeit, Wunden zu heilen, Kreativit\u00e4t zu entfachen und unser Dasein zu erheben. &#8220;Alexis Sorbas&#8221; l\u00e4dt uns ein, die Liebe, die uns umgibt, zu sch\u00e4tzen, durch das Leben zu tanzen mit der gleichen Leidenschaft wie Sorbas und zu erkennen, dass Liebe der wahrhafteste Ausdruck unserer gemeinsamen Menschlichkeit ist. Er erinnert uns daran, dass wir durch die Liebe eine Bestimmung finden k\u00f6nnen, dauerhafte Verbindungen schaffen k\u00f6nnen und einen unausl\u00f6schlichen Eindruck in der Welt hinterlassen k\u00f6nnen.<\/p>\n\n\n\n<div class=\"wp-block-columns alignfull is-layout-flex wp-container-core-columns-is-layout-28f84493 wp-block-columns-is-layout-flex\">\n<div class=\"wp-block-column is-layout-flow wp-block-column-is-layout-flow\">\n<figure class=\"wp-block-image size-large\"><img decoding=\"async\" src=\"https:\/\/is1-ssl.mzstatic.com\/image\/thumb\/0CTZ0ekdGgdxYCW0AL-S4A\/1200x675mf.jpg\" alt=\"\"\/><\/figure>\n<\/div>\n\n\n\n<div class=\"wp-block-column is-layout-flow wp-block-column-is-layout-flow\">\n<blockquote class=\"wp-block-quote is-layout-flow wp-block-quote-is-layout-flow\">\n<p><br>\u201eSchlag die T\u00fcr so oft zu, wie du Donner willst!\u201c<\/p>\n<cite><strong>Alexis Zorbas<\/strong><\/cite><\/blockquote>\n<\/div>\n\n\n\n<div class=\"wp-block-column is-layout-flow wp-block-column-is-layout-flow\">\n<figure class=\"wp-block-image size-large\"><img decoding=\"async\" src=\"https:\/\/flxt.tmsimg.com\/assets\/p4230_i_h9_ab.jpg\" alt=\"\"\/><\/figure>\n<\/div>\n<\/div>\n\n\n\n<figure class=\"wp-block-embed is-type-video is-provider-youtube wp-block-embed-youtube wp-embed-aspect-4-3 wp-has-aspect-ratio\"><div class=\"wp-block-embed__wrapper\">\n<div class=\"ast-oembed-container\" style=\"height: 100%;\"><iframe loading=\"lazy\" title=\"Greek Zorba Alexis Zorbas\" width=\"500\" height=\"375\" src=\"https:\/\/www.youtube.com\/embed\/2AzpHvLWFUM?feature=oembed\" frameborder=\"0\" allow=\"accelerometer; autoplay; clipboard-write; encrypted-media; gyroscope; picture-in-picture; web-share\" referrerpolicy=\"strict-origin-when-cross-origin\" allowfullscreen><\/iframe><\/div>\n<\/div><\/figure>\n","protected":false},"excerpt":{"rendered":"<p>&#8220;Alexis Sorbas&#8221; ist ein filmisches Meisterwerk, das das tiefe Potenzial der Liebe in ihren reinsten und komplexesten Formen beleuchtet. Im Kern ist dieser Film eine Hommage an die facettenreiche Natur der Liebe &#8211; die Liebe zum Leben, die Liebe zu einem anderen Menschen und letztendlich die Liebe zu sich selbst. Durch die lebhafte Figur von &hellip;<\/p>\n<p class=\"read-more\"> <a class=\"\" href=\"https:\/\/www.zorba.gr\/?page_id=187&#038;lang=de\"> <span class=\"screen-reader-text\">Die Liebe<\/span> Read More &raquo;<\/a><\/p>\n","protected":false},"author":1,"featured_media":0,"parent":0,"menu_order":0,"comment_status":"closed","ping_status":"closed","template":"","meta":{"site-sidebar-layout":"default","site-content-layout":"","ast-site-content-layout":"default","site-content-style":"default","site-sidebar-style":"default","ast-global-header-display":"","ast-banner-title-visibility":"","ast-main-header-display":"","ast-hfb-above-header-display":"","ast-hfb-below-header-display":"","ast-hfb-mobile-header-display":"","site-post-title":"","ast-breadcrumbs-content":"","ast-featured-img":"","footer-sml-layout":"","theme-transparent-header-meta":"","adv-header-id-meta":"","stick-header-meta":"","header-above-stick-meta":"","header-main-stick-meta":"","header-below-stick-meta":"","astra-migrate-meta-layouts":"set","ast-page-background-enabled":"default","ast-page-background-meta":{"desktop":{"background-color":"var(--ast-global-color-4)","background-image":"","background-repeat":"repeat","background-position":"center center","background-size":"auto","background-attachment":"scroll","background-type":"","background-media":"","overlay-type":"","overlay-color":"","overlay-gradient":""},"tablet":{"background-color":"","background-image":"","background-repeat":"repeat","background-position":"center center","background-size":"auto","background-attachment":"scroll","background-type":"","background-media":"","overlay-type":"","overlay-color":"","overlay-gradient":""},"mobile":{"background-color":"","background-image":"","background-repeat":"repeat","background-position":"center center","background-size":"auto","background-attachment":"scroll","background-type":"","background-media":"","overlay-type":"","overlay-color":"","overlay-gradient":""}},"ast-content-background-meta":{"desktop":{"background-color":"var(--ast-global-color-5)","background-image":"","background-repeat":"repeat","background-position":"center center","background-size":"auto","background-attachment":"scroll","background-type":"","background-media":"","overlay-type":"","overlay-color":"","overlay-gradient":""},"tablet":{"background-color":"var(--ast-global-color-5)","background-image":"","background-repeat":"repeat","background-position":"center center","background-size":"auto","background-attachment":"scroll","background-type":"","background-media":"","overlay-type":"","overlay-color":"","overlay-gradient":""},"mobile":{"background-color":"var(--ast-global-color-5)","background-image":"","background-repeat":"repeat","background-position":"center center","background-size":"auto","background-attachment":"scroll","background-type":"","background-media":"","overlay-type":"","overlay-color":"","overlay-gradient":""}},"footnotes":""},"class_list":["post-187","page","type-page","status-publish","hentry"],"yoast_head":"<!-- This site is optimized with the Yoast SEO plugin v21.5 - https:\/\/yoast.com\/wordpress\/plugins\/seo\/ -->\n<title>Die Liebe - Zorba der Grieche<\/title>\n<meta name=\"robots\" content=\"index, follow, max-snippet:-1, max-image-preview:large, max-video-preview:-1\" \/>\n<link rel=\"canonical\" href=\"https:\/\/www.zorba.gr\/?page_id=187&lang=de\" \/>\n<meta property=\"og:locale\" content=\"en_US\" \/>\n<meta property=\"og:type\" content=\"article\" \/>\n<meta property=\"og:title\" content=\"Die Liebe - Zorba der Grieche\" \/>\n<meta property=\"og:description\" content=\"&#8220;Alexis Sorbas&#8221; ist ein filmisches Meisterwerk, das das tiefe Potenzial der Liebe in ihren reinsten und komplexesten Formen beleuchtet. Im Kern ist dieser Film eine Hommage an die facettenreiche Natur der Liebe &#8211; die Liebe zum Leben, die Liebe zu einem anderen Menschen und letztendlich die Liebe zu sich selbst. Durch die lebhafte Figur von &hellip; Die Liebe Read More &raquo;\" \/>\n<meta property=\"og:url\" content=\"https:\/\/www.zorba.gr\/?page_id=187&amp;lang=de\" \/>\n<meta property=\"og:site_name\" content=\"Zorba der Grieche\" \/>\n<meta property=\"article:modified_time\" content=\"2023-10-16T22:45:13+00:00\" \/>\n<meta property=\"og:image\" content=\"https:\/\/is1-ssl.mzstatic.com\/image\/thumb\/0CTZ0ekdGgdxYCW0AL-S4A\/1200x675mf.jpg\" \/>\n<meta name=\"twitter:card\" content=\"summary_large_image\" \/>\n<meta name=\"twitter:label1\" content=\"Est. reading time\" \/>\n\t<meta name=\"twitter:data1\" content=\"2 minutes\" \/>\n<script type=\"application\/ld+json\" class=\"yoast-schema-graph\">{\"@context\":\"https:\/\/schema.org\",\"@graph\":[{\"@type\":\"WebPage\",\"@id\":\"https:\/\/www.zorba.gr\/?page_id=187&lang=de\",\"url\":\"https:\/\/www.zorba.gr\/?page_id=187&lang=de\",\"name\":\"Die Liebe - Zorba der Grieche\",\"isPartOf\":{\"@id\":\"https:\/\/www.zorba.gr\/#website\"},\"datePublished\":\"2023-04-11T12:29:41+00:00\",\"dateModified\":\"2023-10-16T22:45:13+00:00\",\"breadcrumb\":{\"@id\":\"https:\/\/www.zorba.gr\/?page_id=187&lang=de#breadcrumb\"},\"inLanguage\":\"en-US\",\"potentialAction\":[{\"@type\":\"ReadAction\",\"target\":[\"https:\/\/www.zorba.gr\/?page_id=187&lang=de\"]}]},{\"@type\":\"BreadcrumbList\",\"@id\":\"https:\/\/www.zorba.gr\/?page_id=187&lang=de#breadcrumb\",\"itemListElement\":[{\"@type\":\"ListItem\",\"position\":1,\"name\":\"Home\",\"item\":\"https:\/\/www.zorba.gr\/\"},{\"@type\":\"ListItem\",\"position\":2,\"name\":\"Die Liebe\"}]},{\"@type\":\"WebSite\",\"@id\":\"https:\/\/www.zorba.gr\/#website\",\"url\":\"https:\/\/www.zorba.gr\/\",\"name\":\"Zorba der Grieche\",\"description\":\"\",\"potentialAction\":[{\"@type\":\"SearchAction\",\"target\":{\"@type\":\"EntryPoint\",\"urlTemplate\":\"https:\/\/www.zorba.gr\/?s={search_term_string}\"},\"query-input\":\"required name=search_term_string\"}],\"inLanguage\":\"en-US\"}]}<\/script>\n<!-- \/ Yoast SEO plugin. -->","yoast_head_json":{"title":"Die Liebe - Zorba der Grieche","robots":{"index":"index","follow":"follow","max-snippet":"max-snippet:-1","max-image-preview":"max-image-preview:large","max-video-preview":"max-video-preview:-1"},"canonical":"https:\/\/www.zorba.gr\/?page_id=187&lang=de","og_locale":"en_US","og_type":"article","og_title":"Die Liebe - Zorba der Grieche","og_description":"&#8220;Alexis Sorbas&#8221; ist ein filmisches Meisterwerk, das das tiefe Potenzial der Liebe in ihren reinsten und komplexesten Formen beleuchtet. Im Kern ist dieser Film eine Hommage an die facettenreiche Natur der Liebe &#8211; die Liebe zum Leben, die Liebe zu einem anderen Menschen und letztendlich die Liebe zu sich selbst. Durch die lebhafte Figur von &hellip; Die Liebe Read More &raquo;","og_url":"https:\/\/www.zorba.gr\/?page_id=187&lang=de","og_site_name":"Zorba der Grieche","article_modified_time":"2023-10-16T22:45:13+00:00","og_image":[{"url":"https:\/\/is1-ssl.mzstatic.com\/image\/thumb\/0CTZ0ekdGgdxYCW0AL-S4A\/1200x675mf.jpg"}],"twitter_card":"summary_large_image","twitter_misc":{"Est. reading time":"2 minutes"},"schema":{"@context":"https:\/\/schema.org","@graph":[{"@type":"WebPage","@id":"https:\/\/www.zorba.gr\/?page_id=187&lang=de","url":"https:\/\/www.zorba.gr\/?page_id=187&lang=de","name":"Die Liebe - Zorba der Grieche","isPartOf":{"@id":"https:\/\/www.zorba.gr\/#website"},"datePublished":"2023-04-11T12:29:41+00:00","dateModified":"2023-10-16T22:45:13+00:00","breadcrumb":{"@id":"https:\/\/www.zorba.gr\/?page_id=187&lang=de#breadcrumb"},"inLanguage":"en-US","potentialAction":[{"@type":"ReadAction","target":["https:\/\/www.zorba.gr\/?page_id=187&lang=de"]}]},{"@type":"BreadcrumbList","@id":"https:\/\/www.zorba.gr\/?page_id=187&lang=de#breadcrumb","itemListElement":[{"@type":"ListItem","position":1,"name":"Home","item":"https:\/\/www.zorba.gr\/"},{"@type":"ListItem","position":2,"name":"Die Liebe"}]},{"@type":"WebSite","@id":"https:\/\/www.zorba.gr\/#website","url":"https:\/\/www.zorba.gr\/","name":"Zorba der Grieche","description":"","potentialAction":[{"@type":"SearchAction","target":{"@type":"EntryPoint","urlTemplate":"https:\/\/www.zorba.gr\/?s={search_term_string}"},"query-input":"required name=search_term_string"}],"inLanguage":"en-US"}]}},"_links":{"self":[{"href":"https:\/\/www.zorba.gr\/index.php?rest_route=\/wp\/v2\/pages\/187","targetHints":{"allow":["GET"]}}],"collection":[{"href":"https:\/\/www.zorba.gr\/index.php?rest_route=\/wp\/v2\/pages"}],"about":[{"href":"https:\/\/www.zorba.gr\/index.php?rest_route=\/wp\/v2\/types\/page"}],"author":[{"embeddable":true,"href":"https:\/\/www.zorba.gr\/index.php?rest_route=\/wp\/v2\/users\/1"}],"replies":[{"embeddable":true,"href":"https:\/\/www.zorba.gr\/index.php?rest_route=%2Fwp%2Fv2%2Fcomments&post=187"}],"version-history":[{"count":4,"href":"https:\/\/www.zorba.gr\/index.php?rest_route=\/wp\/v2\/pages\/187\/revisions"}],"predecessor-version":[{"id":384,"href":"https:\/\/www.zorba.gr\/index.php?rest_route=\/wp\/v2\/pages\/187\/revisions\/384"}],"wp:attachment":[{"href":"https:\/\/www.zorba.gr\/index.php?rest_route=%2Fwp%2Fv2%2Fmedia&parent=187"}],"curies":[{"name":"wp","href":"https:\/\/api.w.org\/{rel}","templated":true}]}}