{"id":189,"date":"2023-04-11T12:30:13","date_gmt":"2023-04-11T12:30:13","guid":{"rendered":"https:\/\/www.zorba.gr\/?page_id=189"},"modified":"2023-10-16T22:48:55","modified_gmt":"2023-10-16T22:48:55","slug":"die-freiheit","status":"publish","type":"page","link":"https:\/\/www.zorba.gr\/?page_id=189&lang=de","title":{"rendered":"Die Freiheit"},"content":{"rendered":"\n<p>&#8220;Zorba der Grieche&#8221; \u00fcbersteigt die Bedeutung eines einfachen Films; er dient als eine zeitlose Hymne an die Essenz der Freiheit, ein Konzept, das gleichzeitig berauschend und befreiend ist. Dieses filmische Meisterwerk, basierend auf dem Roman von Nikos Kazantzakis, f\u00fchrt uns in die lebendige Figur von Zorba ein, dessen unkontrollierbare Lebensfreude uns kraftvoll daran erinnert, dass wahre Freiheit darin besteht, jeden Moment vollst\u00e4ndig zu umarmen.<\/p>\n\n\n\n<p>Wenn wir uns gemeinsam mit Zorba und seinem neuen Begleiter Basilien auf eine Reise begeben, vor dem Hintergrund der von der Sonne verw\u00f6hnten K\u00fcsten Kretas, erleben wir die Verk\u00f6rperung von Freiheit in ihrer wahrsten Form. Zorba tanzt durchs Leben mit einer ansteckenden Begeisterung, unbelastet von den Einschr\u00e4nkungen gesellschaftlicher Normen und Erwartungen. Seine ungez\u00fcgelte Freude dient als ber\u00fchrender Beweis daf\u00fcr, dass Freiheit weit \u00fcber die blo\u00dfe k\u00f6rperliche Befreiung hinausgeht; es geht im Kern darum, sich von den Fesseln der Angst und Hemmungen zu befreien, die uns oft daran hindern, uns vollst\u00e4ndig in die F\u00fclle des Lebens einzutauchen.<\/p>\n\n\n\n<p>&#8220;Zorba der Grieche&#8221; fordert uns auf, unser eigenes Leben zu \u00fcberdenken und die selbst auferlegten Beschr\u00e4nkungen zu hinterfragen, die wir uns auferlegt haben. Er ermutigt uns, unseren inneren Zorba freizusetzen, Vorbehalte beiseite zu legen und die Freiheit zu ergreifen, die sich aus einem authentischen Leben ergibt. Letztendlich vermittelt dieser Film die Weisheit, dass wahre Freiheit nicht in der Abwesenheit von Einschr\u00e4nkungen wurzelt, sondern in unserer F\u00e4higkeit liegt, zu tanzen, zu lachen und trotzdem von Herzen zu lieben. Es ist eine eindringliche Erinnerung daran, dass in jedem von uns das Potenzial steckt, das Leben mit unbegrenzter Leidenschaft zu leben und die Freiheit zu genie\u00dfen, jeden kostbaren Moment.<\/p>\n\n\n\n<figure class=\"wp-block-image size-large\"><img decoding=\"async\" src=\"https:\/\/www.themoviedb.org\/t\/p\/original\/rK22M6yVJgVTQSj91a8ILDJvwhM.jpg\" alt=\"\"\/><\/figure>\n\n\n\n<blockquote class=\"wp-block-quote is-layout-flow wp-block-quote-is-layout-flow\">\n<p><br>\u201eIn Ordnung, wir gehen nach drau\u00dfen, wo Gott uns besser sehen kann.\u201c<\/p>\n<cite><strong>Alexis Zorbas<\/strong><br><\/cite><\/blockquote>\n","protected":false},"excerpt":{"rendered":"<p>&#8220;Zorba der Grieche&#8221; \u00fcbersteigt die Bedeutung eines einfachen Films; er dient als eine zeitlose Hymne an die Essenz der Freiheit, ein Konzept, das gleichzeitig berauschend und befreiend ist. Dieses filmische Meisterwerk, basierend auf dem Roman von Nikos Kazantzakis, f\u00fchrt uns in die lebendige Figur von Zorba ein, dessen unkontrollierbare Lebensfreude uns kraftvoll daran erinnert, dass &hellip;<\/p>\n<p class=\"read-more\"> <a class=\"\" href=\"https:\/\/www.zorba.gr\/?page_id=189&#038;lang=de\"> <span class=\"screen-reader-text\">Die Freiheit<\/span> Read More &raquo;<\/a><\/p>\n","protected":false},"author":1,"featured_media":0,"parent":0,"menu_order":0,"comment_status":"closed","ping_status":"closed","template":"","meta":{"site-sidebar-layout":"default","site-content-layout":"","ast-site-content-layout":"default","site-content-style":"default","site-sidebar-style":"default","ast-global-header-display":"","ast-banner-title-visibility":"","ast-main-header-display":"","ast-hfb-above-header-display":"","ast-hfb-below-header-display":"","ast-hfb-mobile-header-display":"","site-post-title":"","ast-breadcrumbs-content":"","ast-featured-img":"","footer-sml-layout":"","theme-transparent-header-meta":"","adv-header-id-meta":"","stick-header-meta":"","header-above-stick-meta":"","header-main-stick-meta":"","header-below-stick-meta":"","astra-migrate-meta-layouts":"set","ast-page-background-enabled":"default","ast-page-background-meta":{"desktop":{"background-color":"var(--ast-global-color-4)","background-image":"","background-repeat":"repeat","background-position":"center center","background-size":"auto","background-attachment":"scroll","background-type":"","background-media":"","overlay-type":"","overlay-color":"","overlay-gradient":""},"tablet":{"background-color":"","background-image":"","background-repeat":"repeat","background-position":"center center","background-size":"auto","background-attachment":"scroll","background-type":"","background-media":"","overlay-type":"","overlay-color":"","overlay-gradient":""},"mobile":{"background-color":"","background-image":"","background-repeat":"repeat","background-position":"center center","background-size":"auto","background-attachment":"scroll","background-type":"","background-media":"","overlay-type":"","overlay-color":"","overlay-gradient":""}},"ast-content-background-meta":{"desktop":{"background-color":"var(--ast-global-color-5)","background-image":"","background-repeat":"repeat","background-position":"center center","background-size":"auto","background-attachment":"scroll","background-type":"","background-media":"","overlay-type":"","overlay-color":"","overlay-gradient":""},"tablet":{"background-color":"var(--ast-global-color-5)","background-image":"","background-repeat":"repeat","background-position":"center center","background-size":"auto","background-attachment":"scroll","background-type":"","background-media":"","overlay-type":"","overlay-color":"","overlay-gradient":""},"mobile":{"background-color":"var(--ast-global-color-5)","background-image":"","background-repeat":"repeat","background-position":"center center","background-size":"auto","background-attachment":"scroll","background-type":"","background-media":"","overlay-type":"","overlay-color":"","overlay-gradient":""}},"footnotes":""},"class_list":["post-189","page","type-page","status-publish","hentry"],"yoast_head":"<!-- This site is optimized with the Yoast SEO plugin v21.5 - https:\/\/yoast.com\/wordpress\/plugins\/seo\/ -->\n<title>Die Freiheit - Zorba der Grieche<\/title>\n<meta name=\"robots\" content=\"index, follow, max-snippet:-1, max-image-preview:large, max-video-preview:-1\" \/>\n<link rel=\"canonical\" href=\"https:\/\/www.zorba.gr\/?page_id=189&lang=de\" \/>\n<meta property=\"og:locale\" content=\"en_US\" \/>\n<meta property=\"og:type\" content=\"article\" \/>\n<meta property=\"og:title\" content=\"Die Freiheit - Zorba der Grieche\" \/>\n<meta property=\"og:description\" content=\"&#8220;Zorba der Grieche&#8221; \u00fcbersteigt die Bedeutung eines einfachen Films; er dient als eine zeitlose Hymne an die Essenz der Freiheit, ein Konzept, das gleichzeitig berauschend und befreiend ist. Dieses filmische Meisterwerk, basierend auf dem Roman von Nikos Kazantzakis, f\u00fchrt uns in die lebendige Figur von Zorba ein, dessen unkontrollierbare Lebensfreude uns kraftvoll daran erinnert, dass &hellip; Die Freiheit Read More &raquo;\" \/>\n<meta property=\"og:url\" content=\"https:\/\/www.zorba.gr\/?page_id=189&amp;lang=de\" \/>\n<meta property=\"og:site_name\" content=\"Zorba der Grieche\" \/>\n<meta property=\"article:modified_time\" content=\"2023-10-16T22:48:55+00:00\" \/>\n<meta property=\"og:image\" content=\"https:\/\/www.themoviedb.org\/t\/p\/original\/rK22M6yVJgVTQSj91a8ILDJvwhM.jpg\" \/>\n<meta name=\"twitter:card\" content=\"summary_large_image\" \/>\n<meta name=\"twitter:label1\" content=\"Est. reading time\" \/>\n\t<meta name=\"twitter:data1\" content=\"2 minutes\" \/>\n<script type=\"application\/ld+json\" class=\"yoast-schema-graph\">{\"@context\":\"https:\/\/schema.org\",\"@graph\":[{\"@type\":\"WebPage\",\"@id\":\"https:\/\/www.zorba.gr\/?page_id=189&lang=de\",\"url\":\"https:\/\/www.zorba.gr\/?page_id=189&lang=de\",\"name\":\"Die Freiheit - Zorba der Grieche\",\"isPartOf\":{\"@id\":\"https:\/\/www.zorba.gr\/#website\"},\"datePublished\":\"2023-04-11T12:30:13+00:00\",\"dateModified\":\"2023-10-16T22:48:55+00:00\",\"breadcrumb\":{\"@id\":\"https:\/\/www.zorba.gr\/?page_id=189&lang=de#breadcrumb\"},\"inLanguage\":\"en-US\",\"potentialAction\":[{\"@type\":\"ReadAction\",\"target\":[\"https:\/\/www.zorba.gr\/?page_id=189&lang=de\"]}]},{\"@type\":\"BreadcrumbList\",\"@id\":\"https:\/\/www.zorba.gr\/?page_id=189&lang=de#breadcrumb\",\"itemListElement\":[{\"@type\":\"ListItem\",\"position\":1,\"name\":\"Home\",\"item\":\"https:\/\/www.zorba.gr\/\"},{\"@type\":\"ListItem\",\"position\":2,\"name\":\"Die Freiheit\"}]},{\"@type\":\"WebSite\",\"@id\":\"https:\/\/www.zorba.gr\/#website\",\"url\":\"https:\/\/www.zorba.gr\/\",\"name\":\"Zorba der Grieche\",\"description\":\"\",\"potentialAction\":[{\"@type\":\"SearchAction\",\"target\":{\"@type\":\"EntryPoint\",\"urlTemplate\":\"https:\/\/www.zorba.gr\/?s={search_term_string}\"},\"query-input\":\"required name=search_term_string\"}],\"inLanguage\":\"en-US\"}]}<\/script>\n<!-- \/ Yoast SEO plugin. -->","yoast_head_json":{"title":"Die Freiheit - Zorba der Grieche","robots":{"index":"index","follow":"follow","max-snippet":"max-snippet:-1","max-image-preview":"max-image-preview:large","max-video-preview":"max-video-preview:-1"},"canonical":"https:\/\/www.zorba.gr\/?page_id=189&lang=de","og_locale":"en_US","og_type":"article","og_title":"Die Freiheit - Zorba der Grieche","og_description":"&#8220;Zorba der Grieche&#8221; \u00fcbersteigt die Bedeutung eines einfachen Films; er dient als eine zeitlose Hymne an die Essenz der Freiheit, ein Konzept, das gleichzeitig berauschend und befreiend ist. Dieses filmische Meisterwerk, basierend auf dem Roman von Nikos Kazantzakis, f\u00fchrt uns in die lebendige Figur von Zorba ein, dessen unkontrollierbare Lebensfreude uns kraftvoll daran erinnert, dass &hellip; Die Freiheit Read More &raquo;","og_url":"https:\/\/www.zorba.gr\/?page_id=189&lang=de","og_site_name":"Zorba der Grieche","article_modified_time":"2023-10-16T22:48:55+00:00","og_image":[{"url":"https:\/\/www.themoviedb.org\/t\/p\/original\/rK22M6yVJgVTQSj91a8ILDJvwhM.jpg"}],"twitter_card":"summary_large_image","twitter_misc":{"Est. reading time":"2 minutes"},"schema":{"@context":"https:\/\/schema.org","@graph":[{"@type":"WebPage","@id":"https:\/\/www.zorba.gr\/?page_id=189&lang=de","url":"https:\/\/www.zorba.gr\/?page_id=189&lang=de","name":"Die Freiheit - Zorba der Grieche","isPartOf":{"@id":"https:\/\/www.zorba.gr\/#website"},"datePublished":"2023-04-11T12:30:13+00:00","dateModified":"2023-10-16T22:48:55+00:00","breadcrumb":{"@id":"https:\/\/www.zorba.gr\/?page_id=189&lang=de#breadcrumb"},"inLanguage":"en-US","potentialAction":[{"@type":"ReadAction","target":["https:\/\/www.zorba.gr\/?page_id=189&lang=de"]}]},{"@type":"BreadcrumbList","@id":"https:\/\/www.zorba.gr\/?page_id=189&lang=de#breadcrumb","itemListElement":[{"@type":"ListItem","position":1,"name":"Home","item":"https:\/\/www.zorba.gr\/"},{"@type":"ListItem","position":2,"name":"Die Freiheit"}]},{"@type":"WebSite","@id":"https:\/\/www.zorba.gr\/#website","url":"https:\/\/www.zorba.gr\/","name":"Zorba der Grieche","description":"","potentialAction":[{"@type":"SearchAction","target":{"@type":"EntryPoint","urlTemplate":"https:\/\/www.zorba.gr\/?s={search_term_string}"},"query-input":"required name=search_term_string"}],"inLanguage":"en-US"}]}},"_links":{"self":[{"href":"https:\/\/www.zorba.gr\/index.php?rest_route=\/wp\/v2\/pages\/189","targetHints":{"allow":["GET"]}}],"collection":[{"href":"https:\/\/www.zorba.gr\/index.php?rest_route=\/wp\/v2\/pages"}],"about":[{"href":"https:\/\/www.zorba.gr\/index.php?rest_route=\/wp\/v2\/types\/page"}],"author":[{"embeddable":true,"href":"https:\/\/www.zorba.gr\/index.php?rest_route=\/wp\/v2\/users\/1"}],"replies":[{"embeddable":true,"href":"https:\/\/www.zorba.gr\/index.php?rest_route=%2Fwp%2Fv2%2Fcomments&post=189"}],"version-history":[{"count":3,"href":"https:\/\/www.zorba.gr\/index.php?rest_route=\/wp\/v2\/pages\/189\/revisions"}],"predecessor-version":[{"id":387,"href":"https:\/\/www.zorba.gr\/index.php?rest_route=\/wp\/v2\/pages\/189\/revisions\/387"}],"wp:attachment":[{"href":"https:\/\/www.zorba.gr\/index.php?rest_route=%2Fwp%2Fv2%2Fmedia&parent=189"}],"curies":[{"name":"wp","href":"https:\/\/api.w.org\/{rel}","templated":true}]}}