{"id":193,"date":"2023-04-11T12:31:48","date_gmt":"2023-04-11T12:31:48","guid":{"rendered":"https:\/\/www.zorba.gr\/?page_id=193"},"modified":"2023-10-19T09:36:40","modified_gmt":"2023-10-19T09:36:40","slug":"die-authentizitat","status":"publish","type":"page","link":"https:\/\/www.zorba.gr\/?page_id=193&lang=de","title":{"rendered":"Die Authentizit\u00e4t"},"content":{"rendered":"\n<p>&#8220;Alexis Zorbas&#8221; ist nicht einfach nur ein Film; es ist ein zeitloses Meisterwerk, das in der Seele eines Menschen widerhallt und die Kraft der Authentizit\u00e4t demonstriert. Dieser Film, basierend auf dem Roman von Nikos Kazantzakis, f\u00fchrt uns auf eine transformierende Reise, auf der Authentizit\u00e4t regiert und uns daran erinnert, wie kraftvoll es ist, sich selbst anzunehmen. Zorbas, die Figur, die \u00fcber die Allt\u00e4glichkeit hinausgeht, verk\u00f6rpert diese Authentizit\u00e4t und l\u00e4dt uns ein, die Masken abzulegen, die wir oft tragen, und im Rhythmus unserer wahren Essenz zu tanzen.<\/p>\n\n\n\n<p>Authentizit\u00e4t in &#8220;Alexis Zorbas&#8221; ist eine Inspirationsquelle, die uns lehrt, dass wahre Freiheit darin besteht, absolut man selbst zu sein. Der sorglose Geist von Zorbas ermutigt uns, uns von den Einschr\u00e4nkungen gesellschaftlicher Erwartungen zu befreien und im Takt unserer einzigartigen Essenz zu tanzen. In einer Welt, die manchmal Konformit\u00e4t f\u00f6rdert, erinnert uns dieser Film daran, dass Authentizit\u00e4t der Schl\u00fcssel zu einem lebendigen und erf\u00fcllten Leben ist.<\/p>\n\n\n\n<p>Wenn wir in die Welt von Zorbas eintauchen, erinnern wir uns daran, dass Authentizit\u00e4t eine mutige und befreiende Wahl ist. Sie erfordert von uns, unsere Schw\u00e4chen anzunehmen, unsere einzigartigen Gaben zu feiern und den Reichtum unserer menschlichen Erfahrung vollst\u00e4ndig anzunehmen. &#8220;Alexis Zorbas&#8221; ist eine zeitlose Erinnerung daran, dass wir, wenn wir authentisch leben, die wahre Essenz des Lebens genie\u00dfen k\u00f6nnen, so wie es Zorbas tut, wenn er mit grenzenloser Leidenschaft tanzt. Lassen Sie uns Inspiration aus Zorbas sch\u00f6pfen und unsere eigenen Reisen zur Authentizit\u00e4t beginnen, denn genau dort finden wir die Inspiration, um unsere wundervollsten Leben zu leben.<\/p>\n\n\n\n<figure class=\"wp-block-pullquote\"><blockquote><p>Das Leben ist \u00c4rger. Nur gibt es keinen Tod. Am Leben zu sein bedeutet, den G\u00fcrtel abzuschnallen und nach \u00c4rger zu suchen.<\/p><cite>Alexis Zorbas<\/cite><\/blockquote><\/figure>\n\n\n\n<figure class=\"wp-block-image alignwide size-large\"><img loading=\"lazy\" decoding=\"async\" width=\"1024\" height=\"576\" src=\"https:\/\/www.zorba.gr\/wp-content\/uploads\/2023\/10\/maxresdefault-4-1024x576.jpg\" alt=\"\" class=\"wp-image-433\" srcset=\"https:\/\/www.zorba.gr\/wp-content\/uploads\/2023\/10\/maxresdefault-4-1024x576.jpg 1024w, https:\/\/www.zorba.gr\/wp-content\/uploads\/2023\/10\/maxresdefault-4-300x169.jpg 300w, https:\/\/www.zorba.gr\/wp-content\/uploads\/2023\/10\/maxresdefault-4-768x432.jpg 768w, https:\/\/www.zorba.gr\/wp-content\/uploads\/2023\/10\/maxresdefault-4.jpg 1280w\" sizes=\"auto, (max-width: 1024px) 100vw, 1024px\" \/><\/figure>\n","protected":false},"excerpt":{"rendered":"<p>&#8220;Alexis Zorbas&#8221; ist nicht einfach nur ein Film; es ist ein zeitloses Meisterwerk, das in der Seele eines Menschen widerhallt und die Kraft der Authentizit\u00e4t demonstriert. Dieser Film, basierend auf dem Roman von Nikos Kazantzakis, f\u00fchrt uns auf eine transformierende Reise, auf der Authentizit\u00e4t regiert und uns daran erinnert, wie kraftvoll es ist, sich selbst &hellip;<\/p>\n<p class=\"read-more\"> <a class=\"\" href=\"https:\/\/www.zorba.gr\/?page_id=193&#038;lang=de\"> <span class=\"screen-reader-text\">Die Authentizit\u00e4t<\/span> Read More &raquo;<\/a><\/p>\n","protected":false},"author":1,"featured_media":0,"parent":0,"menu_order":0,"comment_status":"closed","ping_status":"closed","template":"","meta":{"site-sidebar-layout":"default","site-content-layout":"","ast-site-content-layout":"default","site-content-style":"default","site-sidebar-style":"default","ast-global-header-display":"","ast-banner-title-visibility":"","ast-main-header-display":"","ast-hfb-above-header-display":"","ast-hfb-below-header-display":"","ast-hfb-mobile-header-display":"","site-post-title":"","ast-breadcrumbs-content":"","ast-featured-img":"","footer-sml-layout":"","theme-transparent-header-meta":"","adv-header-id-meta":"","stick-header-meta":"","header-above-stick-meta":"","header-main-stick-meta":"","header-below-stick-meta":"","astra-migrate-meta-layouts":"set","ast-page-background-enabled":"default","ast-page-background-meta":{"desktop":{"background-color":"var(--ast-global-color-4)","background-image":"","background-repeat":"repeat","background-position":"center center","background-size":"auto","background-attachment":"scroll","background-type":"","background-media":"","overlay-type":"","overlay-color":"","overlay-gradient":""},"tablet":{"background-color":"","background-image":"","background-repeat":"repeat","background-position":"center center","background-size":"auto","background-attachment":"scroll","background-type":"","background-media":"","overlay-type":"","overlay-color":"","overlay-gradient":""},"mobile":{"background-color":"","background-image":"","background-repeat":"repeat","background-position":"center center","background-size":"auto","background-attachment":"scroll","background-type":"","background-media":"","overlay-type":"","overlay-color":"","overlay-gradient":""}},"ast-content-background-meta":{"desktop":{"background-color":"var(--ast-global-color-5)","background-image":"","background-repeat":"repeat","background-position":"center center","background-size":"auto","background-attachment":"scroll","background-type":"","background-media":"","overlay-type":"","overlay-color":"","overlay-gradient":""},"tablet":{"background-color":"var(--ast-global-color-5)","background-image":"","background-repeat":"repeat","background-position":"center center","background-size":"auto","background-attachment":"scroll","background-type":"","background-media":"","overlay-type":"","overlay-color":"","overlay-gradient":""},"mobile":{"background-color":"var(--ast-global-color-5)","background-image":"","background-repeat":"repeat","background-position":"center center","background-size":"auto","background-attachment":"scroll","background-type":"","background-media":"","overlay-type":"","overlay-color":"","overlay-gradient":""}},"footnotes":""},"class_list":["post-193","page","type-page","status-publish","hentry"],"yoast_head":"<!-- This site is optimized with the Yoast SEO plugin v21.5 - https:\/\/yoast.com\/wordpress\/plugins\/seo\/ -->\n<title>Die Authentizit\u00e4t - Zorba der Grieche<\/title>\n<meta name=\"robots\" content=\"index, follow, max-snippet:-1, max-image-preview:large, max-video-preview:-1\" \/>\n<link rel=\"canonical\" href=\"https:\/\/www.zorba.gr\/?page_id=193&lang=de\" \/>\n<meta property=\"og:locale\" content=\"en_US\" \/>\n<meta property=\"og:type\" content=\"article\" \/>\n<meta property=\"og:title\" content=\"Die Authentizit\u00e4t - Zorba der Grieche\" \/>\n<meta property=\"og:description\" content=\"&#8220;Alexis Zorbas&#8221; ist nicht einfach nur ein Film; es ist ein zeitloses Meisterwerk, das in der Seele eines Menschen widerhallt und die Kraft der Authentizit\u00e4t demonstriert. Dieser Film, basierend auf dem Roman von Nikos Kazantzakis, f\u00fchrt uns auf eine transformierende Reise, auf der Authentizit\u00e4t regiert und uns daran erinnert, wie kraftvoll es ist, sich selbst &hellip; Die Authentizit\u00e4t Read More &raquo;\" \/>\n<meta property=\"og:url\" content=\"https:\/\/www.zorba.gr\/?page_id=193&amp;lang=de\" \/>\n<meta property=\"og:site_name\" content=\"Zorba der Grieche\" \/>\n<meta property=\"article:modified_time\" content=\"2023-10-19T09:36:40+00:00\" \/>\n<meta property=\"og:image\" content=\"https:\/\/www.zorba.gr\/wp-content\/uploads\/2023\/10\/maxresdefault-4-1024x576.jpg\" \/>\n<meta name=\"twitter:card\" content=\"summary_large_image\" \/>\n<meta name=\"twitter:label1\" content=\"Est. reading time\" \/>\n\t<meta name=\"twitter:data1\" content=\"2 minutes\" \/>\n<script type=\"application\/ld+json\" class=\"yoast-schema-graph\">{\"@context\":\"https:\/\/schema.org\",\"@graph\":[{\"@type\":\"WebPage\",\"@id\":\"https:\/\/www.zorba.gr\/?page_id=193&lang=de\",\"url\":\"https:\/\/www.zorba.gr\/?page_id=193&lang=de\",\"name\":\"Die Authentizit\u00e4t - Zorba der Grieche\",\"isPartOf\":{\"@id\":\"https:\/\/www.zorba.gr\/#website\"},\"datePublished\":\"2023-04-11T12:31:48+00:00\",\"dateModified\":\"2023-10-19T09:36:40+00:00\",\"breadcrumb\":{\"@id\":\"https:\/\/www.zorba.gr\/?page_id=193&lang=de#breadcrumb\"},\"inLanguage\":\"en-US\",\"potentialAction\":[{\"@type\":\"ReadAction\",\"target\":[\"https:\/\/www.zorba.gr\/?page_id=193&lang=de\"]}]},{\"@type\":\"BreadcrumbList\",\"@id\":\"https:\/\/www.zorba.gr\/?page_id=193&lang=de#breadcrumb\",\"itemListElement\":[{\"@type\":\"ListItem\",\"position\":1,\"name\":\"Home\",\"item\":\"https:\/\/www.zorba.gr\/\"},{\"@type\":\"ListItem\",\"position\":2,\"name\":\"Die Authentizit\u00e4t\"}]},{\"@type\":\"WebSite\",\"@id\":\"https:\/\/www.zorba.gr\/#website\",\"url\":\"https:\/\/www.zorba.gr\/\",\"name\":\"Zorba der Grieche\",\"description\":\"\",\"potentialAction\":[{\"@type\":\"SearchAction\",\"target\":{\"@type\":\"EntryPoint\",\"urlTemplate\":\"https:\/\/www.zorba.gr\/?s={search_term_string}\"},\"query-input\":\"required name=search_term_string\"}],\"inLanguage\":\"en-US\"}]}<\/script>\n<!-- \/ Yoast SEO plugin. -->","yoast_head_json":{"title":"Die Authentizit\u00e4t - Zorba der Grieche","robots":{"index":"index","follow":"follow","max-snippet":"max-snippet:-1","max-image-preview":"max-image-preview:large","max-video-preview":"max-video-preview:-1"},"canonical":"https:\/\/www.zorba.gr\/?page_id=193&lang=de","og_locale":"en_US","og_type":"article","og_title":"Die Authentizit\u00e4t - Zorba der Grieche","og_description":"&#8220;Alexis Zorbas&#8221; ist nicht einfach nur ein Film; es ist ein zeitloses Meisterwerk, das in der Seele eines Menschen widerhallt und die Kraft der Authentizit\u00e4t demonstriert. Dieser Film, basierend auf dem Roman von Nikos Kazantzakis, f\u00fchrt uns auf eine transformierende Reise, auf der Authentizit\u00e4t regiert und uns daran erinnert, wie kraftvoll es ist, sich selbst &hellip; Die Authentizit\u00e4t Read More &raquo;","og_url":"https:\/\/www.zorba.gr\/?page_id=193&lang=de","og_site_name":"Zorba der Grieche","article_modified_time":"2023-10-19T09:36:40+00:00","og_image":[{"url":"https:\/\/www.zorba.gr\/wp-content\/uploads\/2023\/10\/maxresdefault-4-1024x576.jpg"}],"twitter_card":"summary_large_image","twitter_misc":{"Est. reading time":"2 minutes"},"schema":{"@context":"https:\/\/schema.org","@graph":[{"@type":"WebPage","@id":"https:\/\/www.zorba.gr\/?page_id=193&lang=de","url":"https:\/\/www.zorba.gr\/?page_id=193&lang=de","name":"Die Authentizit\u00e4t - Zorba der Grieche","isPartOf":{"@id":"https:\/\/www.zorba.gr\/#website"},"datePublished":"2023-04-11T12:31:48+00:00","dateModified":"2023-10-19T09:36:40+00:00","breadcrumb":{"@id":"https:\/\/www.zorba.gr\/?page_id=193&lang=de#breadcrumb"},"inLanguage":"en-US","potentialAction":[{"@type":"ReadAction","target":["https:\/\/www.zorba.gr\/?page_id=193&lang=de"]}]},{"@type":"BreadcrumbList","@id":"https:\/\/www.zorba.gr\/?page_id=193&lang=de#breadcrumb","itemListElement":[{"@type":"ListItem","position":1,"name":"Home","item":"https:\/\/www.zorba.gr\/"},{"@type":"ListItem","position":2,"name":"Die Authentizit\u00e4t"}]},{"@type":"WebSite","@id":"https:\/\/www.zorba.gr\/#website","url":"https:\/\/www.zorba.gr\/","name":"Zorba der Grieche","description":"","potentialAction":[{"@type":"SearchAction","target":{"@type":"EntryPoint","urlTemplate":"https:\/\/www.zorba.gr\/?s={search_term_string}"},"query-input":"required name=search_term_string"}],"inLanguage":"en-US"}]}},"_links":{"self":[{"href":"https:\/\/www.zorba.gr\/index.php?rest_route=\/wp\/v2\/pages\/193","targetHints":{"allow":["GET"]}}],"collection":[{"href":"https:\/\/www.zorba.gr\/index.php?rest_route=\/wp\/v2\/pages"}],"about":[{"href":"https:\/\/www.zorba.gr\/index.php?rest_route=\/wp\/v2\/types\/page"}],"author":[{"embeddable":true,"href":"https:\/\/www.zorba.gr\/index.php?rest_route=\/wp\/v2\/users\/1"}],"replies":[{"embeddable":true,"href":"https:\/\/www.zorba.gr\/index.php?rest_route=%2Fwp%2Fv2%2Fcomments&post=193"}],"version-history":[{"count":3,"href":"https:\/\/www.zorba.gr\/index.php?rest_route=\/wp\/v2\/pages\/193\/revisions"}],"predecessor-version":[{"id":450,"href":"https:\/\/www.zorba.gr\/index.php?rest_route=\/wp\/v2\/pages\/193\/revisions\/450"}],"wp:attachment":[{"href":"https:\/\/www.zorba.gr\/index.php?rest_route=%2Fwp%2Fv2%2Fmedia&parent=193"}],"curies":[{"name":"wp","href":"https:\/\/api.w.org\/{rel}","templated":true}]}}