{"id":330,"date":"2023-10-05T13:09:13","date_gmt":"2023-10-05T13:09:13","guid":{"rendered":"https:\/\/www.zorba.gr\/?page_id=330"},"modified":"2023-10-19T09:25:39","modified_gmt":"2023-10-19T09:25:39","slug":"der-film","status":"publish","type":"page","link":"https:\/\/www.zorba.gr\/?page_id=330&lang=de","title":{"rendered":"Der Film"},"content":{"rendered":"\n<p>&#8220;Alexis Zorbas&#8221; &#8211; Eine Hymne auf die Freiheit und geistige Unabh\u00e4ngigkeit Griechenlands<\/p>\n\n\n\n<p>Der Film &#8220;Alexis Zorbas&#8221;, inszeniert von Michael Cacoyannis und basierend auf dem Roman von Nikos Kazantzakis, ist ein Meisterwerk, das auf sch\u00f6nste Weise die Geschichte, Kultur und Seele Griechenlands widerspiegelt. Durch das Abenteuer des nonkonformistischen, authentischen und freien Charakters von Alexis Zorbas erz\u00e4hlt dieser Film eine Geschichte, die den Wert der Selbsterkenntnis und der Befreiung hervorhebt.<\/p>\n\n\n\n<p>Griechenland, als Geburtsort der Demokratie, der Philosophie und der K\u00fcnste, repr\u00e4sentiert ein reiches Erbe, das die Jahrhunderte durchzieht. Von der Akropolis in Athen bis zu den pr\u00e4chtigen Inseln der \u00c4g\u00e4is ist dieses Land voller nat\u00fcrlicher Sch\u00f6nheit, Geschichte und Kultur. Das wahre Reichtum liegt jedoch in seinem Volk und seinem freien Geist.<\/p>\n\n\n\n<p>Zorbas ist die Verk\u00f6rperung dieses freien Geistes. Er ist ein Mensch, der das Leben mit Leidenschaft, Hingabe und Freude lebt. Durch Tanz, Musik und Liebe zum Leben lehrt er uns, dass Freiheit vor allem ein Zustand des Geistes und des Herzens ist.<\/p>\n\n\n\n<p>Griechenland hat immer den Widerstand, die Sch\u00f6pfung und die Selbstverwirklichung repr\u00e4sentiert. Von den antiken griechischen Philosophen wie Sokrates und Plato bis zu unabh\u00e4ngigen geistigen Pers\u00f6nlichkeiten wie Kazantzakis hat Griechenland immer die Unabh\u00e4ngigkeit des Denkens und die Suche nach der Wahrheit unterst\u00fctzt.<\/p>\n\n\n\n<p>In Zorbas sehen wir das griechische Volk und Griechenland als einen Ort, an dem das Leben es wert ist, mit Leidenschaft und Selbstvertrauen gelebt zu werden. Durch seinen Tanz auf Festen, seine Liebe zur Natur und seine F\u00e4higkeit, Freude im Leben auch in schwierigen Zeiten zu finden, zeigt er uns, dass Gl\u00fcck in der Akzeptanz der Gegenwart und der Liebe zum Mitmenschen liegt.<\/p>\n\n\n\n<h2 class=\"wp-block-heading has-text-align-center\">Sammlung von Bildern<\/h2>\n\n\n\n<figure class=\"wp-block-gallery has-nested-images columns-default is-cropped wp-block-gallery-1 is-layout-flex wp-block-gallery-is-layout-flex\">\n<figure class=\"wp-block-image size-large\"><img loading=\"lazy\" decoding=\"async\" width=\"967\" height=\"601\" data-id=\"429\" src=\"https:\/\/www.zorba.gr\/wp-content\/uploads\/2023\/10\/zorbas-3.jpg\" alt=\"\" class=\"wp-image-429\" srcset=\"https:\/\/www.zorba.gr\/wp-content\/uploads\/2023\/10\/zorbas-3.jpg 967w, https:\/\/www.zorba.gr\/wp-content\/uploads\/2023\/10\/zorbas-3-300x186.jpg 300w, https:\/\/www.zorba.gr\/wp-content\/uploads\/2023\/10\/zorbas-3-768x477.jpg 768w\" sizes=\"auto, (max-width: 967px) 100vw, 967px\" \/><\/figure>\n\n\n\n<figure class=\"wp-block-image size-large\"><img loading=\"lazy\" decoding=\"async\" width=\"1000\" height=\"667\" data-id=\"430\" src=\"https:\/\/www.zorba.gr\/wp-content\/uploads\/2023\/10\/alexis_zorbas1-3.jpg\" alt=\"\" class=\"wp-image-430\" srcset=\"https:\/\/www.zorba.gr\/wp-content\/uploads\/2023\/10\/alexis_zorbas1-3.jpg 1000w, https:\/\/www.zorba.gr\/wp-content\/uploads\/2023\/10\/alexis_zorbas1-3-300x200.jpg 300w, https:\/\/www.zorba.gr\/wp-content\/uploads\/2023\/10\/alexis_zorbas1-3-768x512.jpg 768w\" sizes=\"auto, (max-width: 1000px) 100vw, 1000px\" \/><\/figure>\n\n\n\n<figure class=\"wp-block-image size-large\"><img loading=\"lazy\" decoding=\"async\" width=\"1024\" height=\"576\" data-id=\"431\" src=\"https:\/\/www.zorba.gr\/wp-content\/uploads\/2023\/10\/maxresdefault-1-3-1024x576.jpg\" alt=\"\" class=\"wp-image-431\" srcset=\"https:\/\/www.zorba.gr\/wp-content\/uploads\/2023\/10\/maxresdefault-1-3-1024x576.jpg 1024w, https:\/\/www.zorba.gr\/wp-content\/uploads\/2023\/10\/maxresdefault-1-3-300x169.jpg 300w, https:\/\/www.zorba.gr\/wp-content\/uploads\/2023\/10\/maxresdefault-1-3-768x432.jpg 768w, https:\/\/www.zorba.gr\/wp-content\/uploads\/2023\/10\/maxresdefault-1-3.jpg 1280w\" sizes=\"auto, (max-width: 1024px) 100vw, 1024px\" \/><\/figure>\n\n\n\n<figure class=\"wp-block-image size-large\"><img loading=\"lazy\" decoding=\"async\" width=\"666\" height=\"800\" data-id=\"432\" src=\"https:\/\/www.zorba.gr\/wp-content\/uploads\/2023\/10\/GR-zorbas-3-3.jpg\" alt=\"\" class=\"wp-image-432\" srcset=\"https:\/\/www.zorba.gr\/wp-content\/uploads\/2023\/10\/GR-zorbas-3-3.jpg 666w, https:\/\/www.zorba.gr\/wp-content\/uploads\/2023\/10\/GR-zorbas-3-3-250x300.jpg 250w\" sizes=\"auto, (max-width: 666px) 100vw, 666px\" \/><\/figure>\n\n\n\n<figure class=\"wp-block-image size-large\"><img loading=\"lazy\" decoding=\"async\" width=\"1024\" height=\"576\" data-id=\"433\" src=\"https:\/\/www.zorba.gr\/wp-content\/uploads\/2023\/10\/maxresdefault-4-1024x576.jpg\" alt=\"\" class=\"wp-image-433\" srcset=\"https:\/\/www.zorba.gr\/wp-content\/uploads\/2023\/10\/maxresdefault-4-1024x576.jpg 1024w, https:\/\/www.zorba.gr\/wp-content\/uploads\/2023\/10\/maxresdefault-4-300x169.jpg 300w, https:\/\/www.zorba.gr\/wp-content\/uploads\/2023\/10\/maxresdefault-4-768x432.jpg 768w, https:\/\/www.zorba.gr\/wp-content\/uploads\/2023\/10\/maxresdefault-4.jpg 1280w\" sizes=\"auto, (max-width: 1024px) 100vw, 1024px\" \/><\/figure>\n\n\n\n<figure class=\"wp-block-image size-large\"><img loading=\"lazy\" decoding=\"async\" width=\"1024\" height=\"683\" data-id=\"434\" src=\"https:\/\/www.zorba.gr\/wp-content\/uploads\/2023\/10\/1500x1000_10.\u0391\u039b\u0395\u039e\u0397\u03a3-\u0396\u039f\u03a1\u039c\u03a0\u0391\u03a3-1024x683-4.jpg\" alt=\"\" class=\"wp-image-434\" srcset=\"https:\/\/www.zorba.gr\/wp-content\/uploads\/2023\/10\/1500x1000_10.\u0391\u039b\u0395\u039e\u0397\u03a3-\u0396\u039f\u03a1\u039c\u03a0\u0391\u03a3-1024x683-4.jpg 1024w, https:\/\/www.zorba.gr\/wp-content\/uploads\/2023\/10\/1500x1000_10.\u0391\u039b\u0395\u039e\u0397\u03a3-\u0396\u039f\u03a1\u039c\u03a0\u0391\u03a3-1024x683-4-300x200.jpg 300w, https:\/\/www.zorba.gr\/wp-content\/uploads\/2023\/10\/1500x1000_10.\u0391\u039b\u0395\u039e\u0397\u03a3-\u0396\u039f\u03a1\u039c\u03a0\u0391\u03a3-1024x683-4-768x512.jpg 768w\" sizes=\"auto, (max-width: 1024px) 100vw, 1024px\" \/><\/figure>\n\n\n\n<figure class=\"wp-block-image size-large\"><img loading=\"lazy\" decoding=\"async\" width=\"1024\" height=\"768\" data-id=\"435\" src=\"https:\/\/www.zorba.gr\/wp-content\/uploads\/2023\/10\/p4230_i_h9_ab-1024x768-7.jpg\" alt=\"\" class=\"wp-image-435\" srcset=\"https:\/\/www.zorba.gr\/wp-content\/uploads\/2023\/10\/p4230_i_h9_ab-1024x768-7.jpg 1024w, https:\/\/www.zorba.gr\/wp-content\/uploads\/2023\/10\/p4230_i_h9_ab-1024x768-7-300x225.jpg 300w, https:\/\/www.zorba.gr\/wp-content\/uploads\/2023\/10\/p4230_i_h9_ab-1024x768-7-768x576.jpg 768w\" sizes=\"auto, (max-width: 1024px) 100vw, 1024px\" \/><figcaption class=\"wp-element-caption\">Zorba The Greek (1964 USA\/UK\/Greece) aka Alexis Zorbas\rDirected, produced and written by Michael Cacoyannis\rShown: Anthony Quinn (as Alexis Zorba\/Zorba the Greek)<\/figcaption><\/figure>\n<\/figure>\n","protected":false},"excerpt":{"rendered":"<p>&#8220;Alexis Zorbas&#8221; &#8211; Eine Hymne auf die Freiheit und geistige Unabh\u00e4ngigkeit Griechenlands Der Film &#8220;Alexis Zorbas&#8221;, inszeniert von Michael Cacoyannis und basierend auf dem Roman von Nikos Kazantzakis, ist ein Meisterwerk, das auf sch\u00f6nste Weise die Geschichte, Kultur und Seele Griechenlands widerspiegelt. Durch das Abenteuer des nonkonformistischen, authentischen und freien Charakters von Alexis Zorbas erz\u00e4hlt &hellip;<\/p>\n<p class=\"read-more\"> <a class=\"\" href=\"https:\/\/www.zorba.gr\/?page_id=330&#038;lang=de\"> <span class=\"screen-reader-text\">Der Film<\/span> Read More &raquo;<\/a><\/p>\n","protected":false},"author":1,"featured_media":0,"parent":0,"menu_order":0,"comment_status":"closed","ping_status":"closed","template":"","meta":{"site-sidebar-layout":"default","site-content-layout":"","ast-site-content-layout":"default","site-content-style":"default","site-sidebar-style":"default","ast-global-header-display":"","ast-banner-title-visibility":"","ast-main-header-display":"","ast-hfb-above-header-display":"","ast-hfb-below-header-display":"","ast-hfb-mobile-header-display":"","site-post-title":"","ast-breadcrumbs-content":"","ast-featured-img":"","footer-sml-layout":"","theme-transparent-header-meta":"","adv-header-id-meta":"","stick-header-meta":"","header-above-stick-meta":"","header-main-stick-meta":"","header-below-stick-meta":"","astra-migrate-meta-layouts":"set","ast-page-background-enabled":"default","ast-page-background-meta":{"desktop":{"background-color":"var(--ast-global-color-4)","background-image":"","background-repeat":"repeat","background-position":"center center","background-size":"auto","background-attachment":"scroll","background-type":"","background-media":"","overlay-type":"","overlay-color":"","overlay-gradient":""},"tablet":{"background-color":"","background-image":"","background-repeat":"repeat","background-position":"center center","background-size":"auto","background-attachment":"scroll","background-type":"","background-media":"","overlay-type":"","overlay-color":"","overlay-gradient":""},"mobile":{"background-color":"","background-image":"","background-repeat":"repeat","background-position":"center center","background-size":"auto","background-attachment":"scroll","background-type":"","background-media":"","overlay-type":"","overlay-color":"","overlay-gradient":""}},"ast-content-background-meta":{"desktop":{"background-color":"var(--ast-global-color-5)","background-image":"","background-repeat":"repeat","background-position":"center center","background-size":"auto","background-attachment":"scroll","background-type":"","background-media":"","overlay-type":"","overlay-color":"","overlay-gradient":""},"tablet":{"background-color":"var(--ast-global-color-5)","background-image":"","background-repeat":"repeat","background-position":"center center","background-size":"auto","background-attachment":"scroll","background-type":"","background-media":"","overlay-type":"","overlay-color":"","overlay-gradient":""},"mobile":{"background-color":"var(--ast-global-color-5)","background-image":"","background-repeat":"repeat","background-position":"center center","background-size":"auto","background-attachment":"scroll","background-type":"","background-media":"","overlay-type":"","overlay-color":"","overlay-gradient":""}},"footnotes":""},"class_list":["post-330","page","type-page","status-publish","hentry"],"yoast_head":"<!-- This site is optimized with the Yoast SEO plugin v21.5 - https:\/\/yoast.com\/wordpress\/plugins\/seo\/ -->\n<title>Der Film - Zorba der Grieche<\/title>\n<meta name=\"robots\" content=\"index, follow, max-snippet:-1, max-image-preview:large, max-video-preview:-1\" \/>\n<link rel=\"canonical\" href=\"https:\/\/www.zorba.gr\/?page_id=330&lang=de\" \/>\n<meta property=\"og:locale\" content=\"en_US\" \/>\n<meta property=\"og:type\" content=\"article\" \/>\n<meta property=\"og:title\" content=\"Der Film - Zorba der Grieche\" \/>\n<meta property=\"og:description\" content=\"&#8220;Alexis Zorbas&#8221; &#8211; Eine Hymne auf die Freiheit und geistige Unabh\u00e4ngigkeit Griechenlands Der Film &#8220;Alexis Zorbas&#8221;, inszeniert von Michael Cacoyannis und basierend auf dem Roman von Nikos Kazantzakis, ist ein Meisterwerk, das auf sch\u00f6nste Weise die Geschichte, Kultur und Seele Griechenlands widerspiegelt. Durch das Abenteuer des nonkonformistischen, authentischen und freien Charakters von Alexis Zorbas erz\u00e4hlt &hellip; Der Film Read More &raquo;\" \/>\n<meta property=\"og:url\" content=\"https:\/\/www.zorba.gr\/?page_id=330&amp;lang=de\" \/>\n<meta property=\"og:site_name\" content=\"Zorba der Grieche\" \/>\n<meta property=\"article:modified_time\" content=\"2023-10-19T09:25:39+00:00\" \/>\n<meta property=\"og:image\" content=\"https:\/\/www.zorba.gr\/wp-content\/uploads\/2023\/10\/zorbas-3.jpg\" \/>\n<meta name=\"twitter:card\" content=\"summary_large_image\" \/>\n<meta name=\"twitter:label1\" content=\"Est. reading time\" \/>\n\t<meta name=\"twitter:data1\" content=\"3 minutes\" \/>\n<script type=\"application\/ld+json\" class=\"yoast-schema-graph\">{\"@context\":\"https:\/\/schema.org\",\"@graph\":[{\"@type\":\"WebPage\",\"@id\":\"https:\/\/www.zorba.gr\/?page_id=330&lang=de\",\"url\":\"https:\/\/www.zorba.gr\/?page_id=330&lang=de\",\"name\":\"Der Film - Zorba der Grieche\",\"isPartOf\":{\"@id\":\"https:\/\/www.zorba.gr\/#website\"},\"datePublished\":\"2023-10-05T13:09:13+00:00\",\"dateModified\":\"2023-10-19T09:25:39+00:00\",\"breadcrumb\":{\"@id\":\"https:\/\/www.zorba.gr\/?page_id=330&lang=de#breadcrumb\"},\"inLanguage\":\"en-US\",\"potentialAction\":[{\"@type\":\"ReadAction\",\"target\":[\"https:\/\/www.zorba.gr\/?page_id=330&lang=de\"]}]},{\"@type\":\"BreadcrumbList\",\"@id\":\"https:\/\/www.zorba.gr\/?page_id=330&lang=de#breadcrumb\",\"itemListElement\":[{\"@type\":\"ListItem\",\"position\":1,\"name\":\"Home\",\"item\":\"https:\/\/www.zorba.gr\/\"},{\"@type\":\"ListItem\",\"position\":2,\"name\":\"Der Film\"}]},{\"@type\":\"WebSite\",\"@id\":\"https:\/\/www.zorba.gr\/#website\",\"url\":\"https:\/\/www.zorba.gr\/\",\"name\":\"Zorba der Grieche\",\"description\":\"\",\"potentialAction\":[{\"@type\":\"SearchAction\",\"target\":{\"@type\":\"EntryPoint\",\"urlTemplate\":\"https:\/\/www.zorba.gr\/?s={search_term_string}\"},\"query-input\":\"required name=search_term_string\"}],\"inLanguage\":\"en-US\"}]}<\/script>\n<!-- \/ Yoast SEO plugin. -->","yoast_head_json":{"title":"Der Film - Zorba der Grieche","robots":{"index":"index","follow":"follow","max-snippet":"max-snippet:-1","max-image-preview":"max-image-preview:large","max-video-preview":"max-video-preview:-1"},"canonical":"https:\/\/www.zorba.gr\/?page_id=330&lang=de","og_locale":"en_US","og_type":"article","og_title":"Der Film - Zorba der Grieche","og_description":"&#8220;Alexis Zorbas&#8221; &#8211; Eine Hymne auf die Freiheit und geistige Unabh\u00e4ngigkeit Griechenlands Der Film &#8220;Alexis Zorbas&#8221;, inszeniert von Michael Cacoyannis und basierend auf dem Roman von Nikos Kazantzakis, ist ein Meisterwerk, das auf sch\u00f6nste Weise die Geschichte, Kultur und Seele Griechenlands widerspiegelt. Durch das Abenteuer des nonkonformistischen, authentischen und freien Charakters von Alexis Zorbas erz\u00e4hlt &hellip; Der Film Read More &raquo;","og_url":"https:\/\/www.zorba.gr\/?page_id=330&lang=de","og_site_name":"Zorba der Grieche","article_modified_time":"2023-10-19T09:25:39+00:00","og_image":[{"url":"https:\/\/www.zorba.gr\/wp-content\/uploads\/2023\/10\/zorbas-3.jpg"}],"twitter_card":"summary_large_image","twitter_misc":{"Est. reading time":"3 minutes"},"schema":{"@context":"https:\/\/schema.org","@graph":[{"@type":"WebPage","@id":"https:\/\/www.zorba.gr\/?page_id=330&lang=de","url":"https:\/\/www.zorba.gr\/?page_id=330&lang=de","name":"Der Film - Zorba der Grieche","isPartOf":{"@id":"https:\/\/www.zorba.gr\/#website"},"datePublished":"2023-10-05T13:09:13+00:00","dateModified":"2023-10-19T09:25:39+00:00","breadcrumb":{"@id":"https:\/\/www.zorba.gr\/?page_id=330&lang=de#breadcrumb"},"inLanguage":"en-US","potentialAction":[{"@type":"ReadAction","target":["https:\/\/www.zorba.gr\/?page_id=330&lang=de"]}]},{"@type":"BreadcrumbList","@id":"https:\/\/www.zorba.gr\/?page_id=330&lang=de#breadcrumb","itemListElement":[{"@type":"ListItem","position":1,"name":"Home","item":"https:\/\/www.zorba.gr\/"},{"@type":"ListItem","position":2,"name":"Der Film"}]},{"@type":"WebSite","@id":"https:\/\/www.zorba.gr\/#website","url":"https:\/\/www.zorba.gr\/","name":"Zorba der Grieche","description":"","potentialAction":[{"@type":"SearchAction","target":{"@type":"EntryPoint","urlTemplate":"https:\/\/www.zorba.gr\/?s={search_term_string}"},"query-input":"required name=search_term_string"}],"inLanguage":"en-US"}]}},"_links":{"self":[{"href":"https:\/\/www.zorba.gr\/index.php?rest_route=\/wp\/v2\/pages\/330","targetHints":{"allow":["GET"]}}],"collection":[{"href":"https:\/\/www.zorba.gr\/index.php?rest_route=\/wp\/v2\/pages"}],"about":[{"href":"https:\/\/www.zorba.gr\/index.php?rest_route=\/wp\/v2\/types\/page"}],"author":[{"embeddable":true,"href":"https:\/\/www.zorba.gr\/index.php?rest_route=\/wp\/v2\/users\/1"}],"replies":[{"embeddable":true,"href":"https:\/\/www.zorba.gr\/index.php?rest_route=%2Fwp%2Fv2%2Fcomments&post=330"}],"version-history":[{"count":2,"href":"https:\/\/www.zorba.gr\/index.php?rest_route=\/wp\/v2\/pages\/330\/revisions"}],"predecessor-version":[{"id":436,"href":"https:\/\/www.zorba.gr\/index.php?rest_route=\/wp\/v2\/pages\/330\/revisions\/436"}],"wp:attachment":[{"href":"https:\/\/www.zorba.gr\/index.php?rest_route=%2Fwp%2Fv2%2Fmedia&parent=330"}],"curies":[{"name":"wp","href":"https:\/\/api.w.org\/{rel}","templated":true}]}}