{"id":494,"date":"2023-11-01T13:45:20","date_gmt":"2023-11-01T13:45:20","guid":{"rendered":"https:\/\/www.zorba.gr\/?page_id=494"},"modified":"2023-11-01T13:45:20","modified_gmt":"2023-11-01T13:45:20","slug":"la-solidaridad","status":"publish","type":"page","link":"https:\/\/www.zorba.gr\/?page_id=494&lang=es","title":{"rendered":"la solidaridad"},"content":{"rendered":"\n<p>&#8220;Zorba el Griego&#8221; no es s\u00f3lo una pel\u00edcula; es una obra maestra atemporal que resuena con el esp\u00edritu humano y el poder de la solidaridad. Esta pel\u00edcula, basada en la novela de Nikos Kazantzakis, cuenta la historia de un ingl\u00e9s tenso, Basil, que conoce al Zorba, un griego de esp\u00edritu libre, se embarca en un viaje transformador de autodescubrimiento en la isla de Creta. En esencia, esta pel\u00edcula celebra la hermosa solidaridad que puede florecer entre dos personas de or\u00edgenes muy diferentes, y c\u00f3mo su uni\u00f3n se convierte en un catalizador del crecimiento personal y del cambio social.<\/p>\n\n\n\n<p>En el coraz\u00f3n de esta joya cinematogr\u00e1fica se encuentra un poderoso mensaje: la magia de la conexi\u00f3n humana trasciende el idioma, la cultura y las normas sociales. Zorba y Basil, aunque inicialmente son mundos separados, encuentran puntos en com\u00fan a trav\u00e9s de sus experiencias compartidas, forjando un v\u00ednculo que va m\u00e1s all\u00e1 de la amistad. Su solidaridad se convierte en un s\u00edmbolo del poder transformador de la empat\u00eda y la comprensi\u00f3n. Nos recuerda que cuando abrimos nuestros corazones y mentes a los dem\u00e1s, podemos derribar barreras y crear un mundo donde se celebre, no se tema, la diversidad.<\/p>\n\n\n\n<p>Mientras vemos a Zorba bailar con pasi\u00f3n desenfrenada y entusiasmo por la vida, recordamos el potencial sin explotar que hay dentro de cada uno de nosotros. &#8220;Zorba el griego&#8221; nos anima a liberarnos de las limitaciones que la sociedad a menudo impone y abrazar nuestro Zorba interior, esa parte en\u00e9rgica de nosotros que anhela conectarnos con el mundo. Nos recuerda que cuando nos unimos en solidaridad, nuestra fuerza colectiva puede mover monta\u00f1as y crear un futuro m\u00e1s brillante y armonioso. Entonces, bailemos con el entusiasmo implacable de Zorba, inspirados por la solidaridad que trasciende las fronteras, y trabajemos juntos para crear un mundo donde prevalezcan el amor, la empat\u00eda y la comprensi\u00f3n.<\/p>\n\n\n\n<figure class=\"wp-block-image alignwide size-full\"><img loading=\"lazy\" decoding=\"async\" width=\"1000\" height=\"667\" src=\"https:\/\/www.zorba.gr\/wp-content\/uploads\/2023\/10\/alexis_zorbas1.jpg\" alt=\"\" class=\"wp-image-403\" srcset=\"https:\/\/www.zorba.gr\/wp-content\/uploads\/2023\/10\/alexis_zorbas1.jpg 1000w, https:\/\/www.zorba.gr\/wp-content\/uploads\/2023\/10\/alexis_zorbas1-300x200.jpg 300w, https:\/\/www.zorba.gr\/wp-content\/uploads\/2023\/10\/alexis_zorbas1-768x512.jpg 768w\" sizes=\"auto, (max-width: 1000px) 100vw, 1000px\" \/><\/figure>\n","protected":false},"excerpt":{"rendered":"<p>&#8220;Zorba el Griego&#8221; no es s\u00f3lo una pel\u00edcula; es una obra maestra atemporal que resuena con el esp\u00edritu humano y el poder de la solidaridad. Esta pel\u00edcula, basada en la novela de Nikos Kazantzakis, cuenta la historia de un ingl\u00e9s tenso, Basil, que conoce al Zorba, un griego de esp\u00edritu libre, se embarca en un &hellip;<\/p>\n<p class=\"read-more\"> <a class=\"\" href=\"https:\/\/www.zorba.gr\/?page_id=494&#038;lang=es\"> <span class=\"screen-reader-text\">la solidaridad<\/span> Read More &raquo;<\/a><\/p>\n","protected":false},"author":1,"featured_media":0,"parent":0,"menu_order":0,"comment_status":"closed","ping_status":"closed","template":"","meta":{"site-sidebar-layout":"default","site-content-layout":"","ast-site-content-layout":"default","site-content-style":"default","site-sidebar-style":"default","ast-global-header-display":"","ast-banner-title-visibility":"","ast-main-header-display":"","ast-hfb-above-header-display":"","ast-hfb-below-header-display":"","ast-hfb-mobile-header-display":"","site-post-title":"","ast-breadcrumbs-content":"","ast-featured-img":"","footer-sml-layout":"","theme-transparent-header-meta":"","adv-header-id-meta":"","stick-header-meta":"","header-above-stick-meta":"","header-main-stick-meta":"","header-below-stick-meta":"","astra-migrate-meta-layouts":"set","ast-page-background-enabled":"default","ast-page-background-meta":{"desktop":{"background-color":"var(--ast-global-color-4)","background-image":"","background-repeat":"repeat","background-position":"center center","background-size":"auto","background-attachment":"scroll","background-type":"","background-media":"","overlay-type":"","overlay-color":"","overlay-gradient":""},"tablet":{"background-color":"","background-image":"","background-repeat":"repeat","background-position":"center center","background-size":"auto","background-attachment":"scroll","background-type":"","background-media":"","overlay-type":"","overlay-color":"","overlay-gradient":""},"mobile":{"background-color":"","background-image":"","background-repeat":"repeat","background-position":"center center","background-size":"auto","background-attachment":"scroll","background-type":"","background-media":"","overlay-type":"","overlay-color":"","overlay-gradient":""}},"ast-content-background-meta":{"desktop":{"background-color":"var(--ast-global-color-5)","background-image":"","background-repeat":"repeat","background-position":"center center","background-size":"auto","background-attachment":"scroll","background-type":"","background-media":"","overlay-type":"","overlay-color":"","overlay-gradient":""},"tablet":{"background-color":"var(--ast-global-color-5)","background-image":"","background-repeat":"repeat","background-position":"center center","background-size":"auto","background-attachment":"scroll","background-type":"","background-media":"","overlay-type":"","overlay-color":"","overlay-gradient":""},"mobile":{"background-color":"var(--ast-global-color-5)","background-image":"","background-repeat":"repeat","background-position":"center center","background-size":"auto","background-attachment":"scroll","background-type":"","background-media":"","overlay-type":"","overlay-color":"","overlay-gradient":""}},"footnotes":""},"class_list":["post-494","page","type-page","status-publish","hentry"],"yoast_head":"<!-- This site is optimized with the Yoast SEO plugin v21.5 - https:\/\/yoast.com\/wordpress\/plugins\/seo\/ -->\n<title>la solidaridad - Zorba der Grieche<\/title>\n<meta name=\"robots\" content=\"index, follow, max-snippet:-1, max-image-preview:large, max-video-preview:-1\" \/>\n<link rel=\"canonical\" href=\"https:\/\/www.zorba.gr\/?page_id=494&lang=es\" \/>\n<meta property=\"og:locale\" content=\"en_US\" \/>\n<meta property=\"og:type\" content=\"article\" \/>\n<meta property=\"og:title\" content=\"la solidaridad - Zorba der Grieche\" \/>\n<meta property=\"og:description\" content=\"&#8220;Zorba el Griego&#8221; no es s\u00f3lo una pel\u00edcula; es una obra maestra atemporal que resuena con el esp\u00edritu humano y el poder de la solidaridad. Esta pel\u00edcula, basada en la novela de Nikos Kazantzakis, cuenta la historia de un ingl\u00e9s tenso, Basil, que conoce al Zorba, un griego de esp\u00edritu libre, se embarca en un &hellip; la solidaridad Read More &raquo;\" \/>\n<meta property=\"og:url\" content=\"https:\/\/www.zorba.gr\/?page_id=494&amp;lang=es\" \/>\n<meta property=\"og:site_name\" content=\"Zorba der Grieche\" \/>\n<meta property=\"og:image\" content=\"https:\/\/www.zorba.gr\/wp-content\/uploads\/2023\/10\/alexis_zorbas1.jpg\" \/>\n<meta name=\"twitter:card\" content=\"summary_large_image\" \/>\n<meta name=\"twitter:label1\" content=\"Est. reading time\" \/>\n\t<meta name=\"twitter:data1\" content=\"2 minutes\" \/>\n<script type=\"application\/ld+json\" class=\"yoast-schema-graph\">{\"@context\":\"https:\/\/schema.org\",\"@graph\":[{\"@type\":\"WebPage\",\"@id\":\"https:\/\/www.zorba.gr\/?page_id=494&lang=es\",\"url\":\"https:\/\/www.zorba.gr\/?page_id=494&lang=es\",\"name\":\"la solidaridad - Zorba der Grieche\",\"isPartOf\":{\"@id\":\"https:\/\/www.zorba.gr\/#website\"},\"datePublished\":\"2023-11-01T13:45:20+00:00\",\"dateModified\":\"2023-11-01T13:45:20+00:00\",\"breadcrumb\":{\"@id\":\"https:\/\/www.zorba.gr\/?page_id=494&lang=es#breadcrumb\"},\"inLanguage\":\"en-US\",\"potentialAction\":[{\"@type\":\"ReadAction\",\"target\":[\"https:\/\/www.zorba.gr\/?page_id=494&lang=es\"]}]},{\"@type\":\"BreadcrumbList\",\"@id\":\"https:\/\/www.zorba.gr\/?page_id=494&lang=es#breadcrumb\",\"itemListElement\":[{\"@type\":\"ListItem\",\"position\":1,\"name\":\"Home\",\"item\":\"https:\/\/www.zorba.gr\/\"},{\"@type\":\"ListItem\",\"position\":2,\"name\":\"la solidaridad\"}]},{\"@type\":\"WebSite\",\"@id\":\"https:\/\/www.zorba.gr\/#website\",\"url\":\"https:\/\/www.zorba.gr\/\",\"name\":\"Zorba der Grieche\",\"description\":\"\",\"potentialAction\":[{\"@type\":\"SearchAction\",\"target\":{\"@type\":\"EntryPoint\",\"urlTemplate\":\"https:\/\/www.zorba.gr\/?s={search_term_string}\"},\"query-input\":\"required name=search_term_string\"}],\"inLanguage\":\"en-US\"}]}<\/script>\n<!-- \/ Yoast SEO plugin. -->","yoast_head_json":{"title":"la solidaridad - Zorba der Grieche","robots":{"index":"index","follow":"follow","max-snippet":"max-snippet:-1","max-image-preview":"max-image-preview:large","max-video-preview":"max-video-preview:-1"},"canonical":"https:\/\/www.zorba.gr\/?page_id=494&lang=es","og_locale":"en_US","og_type":"article","og_title":"la solidaridad - Zorba der Grieche","og_description":"&#8220;Zorba el Griego&#8221; no es s\u00f3lo una pel\u00edcula; es una obra maestra atemporal que resuena con el esp\u00edritu humano y el poder de la solidaridad. Esta pel\u00edcula, basada en la novela de Nikos Kazantzakis, cuenta la historia de un ingl\u00e9s tenso, Basil, que conoce al Zorba, un griego de esp\u00edritu libre, se embarca en un &hellip; la solidaridad Read More &raquo;","og_url":"https:\/\/www.zorba.gr\/?page_id=494&lang=es","og_site_name":"Zorba der Grieche","og_image":[{"url":"https:\/\/www.zorba.gr\/wp-content\/uploads\/2023\/10\/alexis_zorbas1.jpg"}],"twitter_card":"summary_large_image","twitter_misc":{"Est. reading time":"2 minutes"},"schema":{"@context":"https:\/\/schema.org","@graph":[{"@type":"WebPage","@id":"https:\/\/www.zorba.gr\/?page_id=494&lang=es","url":"https:\/\/www.zorba.gr\/?page_id=494&lang=es","name":"la solidaridad - Zorba der Grieche","isPartOf":{"@id":"https:\/\/www.zorba.gr\/#website"},"datePublished":"2023-11-01T13:45:20+00:00","dateModified":"2023-11-01T13:45:20+00:00","breadcrumb":{"@id":"https:\/\/www.zorba.gr\/?page_id=494&lang=es#breadcrumb"},"inLanguage":"en-US","potentialAction":[{"@type":"ReadAction","target":["https:\/\/www.zorba.gr\/?page_id=494&lang=es"]}]},{"@type":"BreadcrumbList","@id":"https:\/\/www.zorba.gr\/?page_id=494&lang=es#breadcrumb","itemListElement":[{"@type":"ListItem","position":1,"name":"Home","item":"https:\/\/www.zorba.gr\/"},{"@type":"ListItem","position":2,"name":"la solidaridad"}]},{"@type":"WebSite","@id":"https:\/\/www.zorba.gr\/#website","url":"https:\/\/www.zorba.gr\/","name":"Zorba der Grieche","description":"","potentialAction":[{"@type":"SearchAction","target":{"@type":"EntryPoint","urlTemplate":"https:\/\/www.zorba.gr\/?s={search_term_string}"},"query-input":"required name=search_term_string"}],"inLanguage":"en-US"}]}},"_links":{"self":[{"href":"https:\/\/www.zorba.gr\/index.php?rest_route=\/wp\/v2\/pages\/494","targetHints":{"allow":["GET"]}}],"collection":[{"href":"https:\/\/www.zorba.gr\/index.php?rest_route=\/wp\/v2\/pages"}],"about":[{"href":"https:\/\/www.zorba.gr\/index.php?rest_route=\/wp\/v2\/types\/page"}],"author":[{"embeddable":true,"href":"https:\/\/www.zorba.gr\/index.php?rest_route=\/wp\/v2\/users\/1"}],"replies":[{"embeddable":true,"href":"https:\/\/www.zorba.gr\/index.php?rest_route=%2Fwp%2Fv2%2Fcomments&post=494"}],"version-history":[{"count":1,"href":"https:\/\/www.zorba.gr\/index.php?rest_route=\/wp\/v2\/pages\/494\/revisions"}],"predecessor-version":[{"id":495,"href":"https:\/\/www.zorba.gr\/index.php?rest_route=\/wp\/v2\/pages\/494\/revisions\/495"}],"wp:attachment":[{"href":"https:\/\/www.zorba.gr\/index.php?rest_route=%2Fwp%2Fv2%2Fmedia&parent=494"}],"curies":[{"name":"wp","href":"https:\/\/api.w.org\/{rel}","templated":true}]}}