{"id":507,"date":"2023-11-01T13:56:54","date_gmt":"2023-11-01T13:56:54","guid":{"rendered":"https:\/\/www.zorba.gr\/?page_id=507"},"modified":"2023-11-01T13:56:54","modified_gmt":"2023-11-01T13:56:54","slug":"amar","status":"publish","type":"page","link":"https:\/\/www.zorba.gr\/?page_id=507&lang=es","title":{"rendered":"Amar"},"content":{"rendered":"\n<p>&#8220;Zorba el Griego&#8221; es una obra maestra cinematogr\u00e1fica que arroja luz sobre el profundo poder del amor, tanto en sus formas m\u00e1s puras como en sus formas m\u00e1s complejas. En esencia, esta pel\u00edcula es un tributo a la naturaleza multifac\u00e9tica del amor: amor por la vida, amor por el otro y, en \u00faltima instancia, amor por uno mismo. A trav\u00e9s del vibrante personaje de Zorba y su inolvidable danza de la pasi\u00f3n, se nos recuerda que el amor es una fuerza que puede dar vida a lo mundano e infundirle significado.<\/p>\n\n\n\n<p>En esta historia eterna, somos testigos del florecimiento de una amistad \u00fanica entre dos hombres de or\u00edgenes muy diferentes, Basil y Zorba. Su conexi\u00f3n trasciende la mera camarader\u00eda; encarna la esencia del amor en su sentido m\u00e1s verdadero: un amor que acepta las diferencias, fomenta el crecimiento personal y se deleita con la belleza de la conexi\u00f3n humana. Sirve como un poderoso recordatorio de que el amor no conoce fronteras y que cuando abrimos nuestro coraz\u00f3n a los dem\u00e1s, nos embarcamos en un viaje de profunda transformaci\u00f3n.<\/p>\n\n\n\n<p>Mientras vemos a Zorba bailar con entusiasmo desenfrenado, nos animamos a abrazar el amor en todas sus formas. El amor tiene la capacidad de curar heridas, encender la creatividad y elevar nuestra existencia. &#8220;Zorba el griego&#8221; nos invita a apreciar el amor que nos rodea, a bailar por la vida con el mismo fervor que Zorba y a reconocer que el amor es la expresi\u00f3n m\u00e1s verdadera de nuestra humanidad compartida. Nos recuerda que a trav\u00e9s del amor podemos encontrar un prop\u00f3sito, crear conexiones duraderas y dejar una marca indeleble en el mundo.<\/p>\n\n\n\n<div class=\"wp-block-columns alignfull is-layout-flex wp-container-core-columns-is-layout-28f84493 wp-block-columns-is-layout-flex\">\n<div class=\"wp-block-column is-layout-flow wp-block-column-is-layout-flow\">\n<figure class=\"wp-block-image size-large\"><img decoding=\"async\" src=\"https:\/\/is1-ssl.mzstatic.com\/image\/thumb\/0CTZ0ekdGgdxYCW0AL-S4A\/1200x675mf.jpg\" alt=\"\"\/><\/figure>\n<\/div>\n\n\n\n<div class=\"wp-block-column is-layout-flow wp-block-column-is-layout-flow\">\n<blockquote class=\"wp-block-quote is-layout-flow wp-block-quote-is-layout-flow\">\n<p>&#8220;\u00a1A la puerta de un sordo puedes llamar para siempre!&#8221;<\/p>\n<cite><strong>Alexis Zorbas<\/strong><\/cite><\/blockquote>\n<\/div>\n\n\n\n<div class=\"wp-block-column is-layout-flow wp-block-column-is-layout-flow\">\n<figure class=\"wp-block-image size-large\"><img decoding=\"async\" src=\"https:\/\/flxt.tmsimg.com\/assets\/p4230_i_h9_ab.jpg\" alt=\"\"\/><\/figure>\n<\/div>\n<\/div>\n\n\n\n<figure class=\"wp-block-embed is-type-video is-provider-youtube wp-block-embed-youtube wp-embed-aspect-4-3 wp-has-aspect-ratio\"><div class=\"wp-block-embed__wrapper\">\n<div class=\"ast-oembed-container\" style=\"height: 100%;\"><iframe loading=\"lazy\" title=\"Greek Zorba Alexis Zorbas\" width=\"500\" height=\"375\" src=\"https:\/\/www.youtube.com\/embed\/2AzpHvLWFUM?feature=oembed\" frameborder=\"0\" allow=\"accelerometer; autoplay; clipboard-write; encrypted-media; gyroscope; picture-in-picture; web-share\" referrerpolicy=\"strict-origin-when-cross-origin\" allowfullscreen><\/iframe><\/div>\n<\/div><\/figure>\n","protected":false},"excerpt":{"rendered":"<p>&#8220;Zorba el Griego&#8221; es una obra maestra cinematogr\u00e1fica que arroja luz sobre el profundo poder del amor, tanto en sus formas m\u00e1s puras como en sus formas m\u00e1s complejas. En esencia, esta pel\u00edcula es un tributo a la naturaleza multifac\u00e9tica del amor: amor por la vida, amor por el otro y, en \u00faltima instancia, amor &hellip;<\/p>\n<p class=\"read-more\"> <a class=\"\" href=\"https:\/\/www.zorba.gr\/?page_id=507&#038;lang=es\"> <span class=\"screen-reader-text\">Amar<\/span> Read More &raquo;<\/a><\/p>\n","protected":false},"author":1,"featured_media":0,"parent":0,"menu_order":0,"comment_status":"closed","ping_status":"closed","template":"","meta":{"site-sidebar-layout":"default","site-content-layout":"","ast-site-content-layout":"default","site-content-style":"default","site-sidebar-style":"default","ast-global-header-display":"","ast-banner-title-visibility":"","ast-main-header-display":"","ast-hfb-above-header-display":"","ast-hfb-below-header-display":"","ast-hfb-mobile-header-display":"","site-post-title":"","ast-breadcrumbs-content":"","ast-featured-img":"","footer-sml-layout":"","theme-transparent-header-meta":"","adv-header-id-meta":"","stick-header-meta":"","header-above-stick-meta":"","header-main-stick-meta":"","header-below-stick-meta":"","astra-migrate-meta-layouts":"set","ast-page-background-enabled":"default","ast-page-background-meta":{"desktop":{"background-color":"var(--ast-global-color-4)","background-image":"","background-repeat":"repeat","background-position":"center center","background-size":"auto","background-attachment":"scroll","background-type":"","background-media":"","overlay-type":"","overlay-color":"","overlay-gradient":""},"tablet":{"background-color":"","background-image":"","background-repeat":"repeat","background-position":"center center","background-size":"auto","background-attachment":"scroll","background-type":"","background-media":"","overlay-type":"","overlay-color":"","overlay-gradient":""},"mobile":{"background-color":"","background-image":"","background-repeat":"repeat","background-position":"center center","background-size":"auto","background-attachment":"scroll","background-type":"","background-media":"","overlay-type":"","overlay-color":"","overlay-gradient":""}},"ast-content-background-meta":{"desktop":{"background-color":"var(--ast-global-color-5)","background-image":"","background-repeat":"repeat","background-position":"center center","background-size":"auto","background-attachment":"scroll","background-type":"","background-media":"","overlay-type":"","overlay-color":"","overlay-gradient":""},"tablet":{"background-color":"var(--ast-global-color-5)","background-image":"","background-repeat":"repeat","background-position":"center center","background-size":"auto","background-attachment":"scroll","background-type":"","background-media":"","overlay-type":"","overlay-color":"","overlay-gradient":""},"mobile":{"background-color":"var(--ast-global-color-5)","background-image":"","background-repeat":"repeat","background-position":"center center","background-size":"auto","background-attachment":"scroll","background-type":"","background-media":"","overlay-type":"","overlay-color":"","overlay-gradient":""}},"footnotes":""},"class_list":["post-507","page","type-page","status-publish","hentry"],"yoast_head":"<!-- This site is optimized with the Yoast SEO plugin v21.5 - https:\/\/yoast.com\/wordpress\/plugins\/seo\/ -->\n<title>Amar - Zorba der Grieche<\/title>\n<meta name=\"robots\" content=\"index, follow, max-snippet:-1, max-image-preview:large, max-video-preview:-1\" \/>\n<link rel=\"canonical\" href=\"https:\/\/www.zorba.gr\/?page_id=507&lang=es\" \/>\n<meta property=\"og:locale\" content=\"en_US\" \/>\n<meta property=\"og:type\" content=\"article\" \/>\n<meta property=\"og:title\" content=\"Amar - Zorba der Grieche\" \/>\n<meta property=\"og:description\" content=\"&#8220;Zorba el Griego&#8221; es una obra maestra cinematogr\u00e1fica que arroja luz sobre el profundo poder del amor, tanto en sus formas m\u00e1s puras como en sus formas m\u00e1s complejas. En esencia, esta pel\u00edcula es un tributo a la naturaleza multifac\u00e9tica del amor: amor por la vida, amor por el otro y, en \u00faltima instancia, amor &hellip; Amar Read More &raquo;\" \/>\n<meta property=\"og:url\" content=\"https:\/\/www.zorba.gr\/?page_id=507&amp;lang=es\" \/>\n<meta property=\"og:site_name\" content=\"Zorba der Grieche\" \/>\n<meta property=\"og:image\" content=\"https:\/\/is1-ssl.mzstatic.com\/image\/thumb\/0CTZ0ekdGgdxYCW0AL-S4A\/1200x675mf.jpg\" \/>\n<meta name=\"twitter:card\" content=\"summary_large_image\" \/>\n<meta name=\"twitter:label1\" content=\"Est. reading time\" \/>\n\t<meta name=\"twitter:data1\" content=\"2 minutes\" \/>\n<script type=\"application\/ld+json\" class=\"yoast-schema-graph\">{\"@context\":\"https:\/\/schema.org\",\"@graph\":[{\"@type\":\"WebPage\",\"@id\":\"https:\/\/www.zorba.gr\/?page_id=507&lang=es\",\"url\":\"https:\/\/www.zorba.gr\/?page_id=507&lang=es\",\"name\":\"Amar - Zorba der Grieche\",\"isPartOf\":{\"@id\":\"https:\/\/www.zorba.gr\/#website\"},\"datePublished\":\"2023-11-01T13:56:54+00:00\",\"dateModified\":\"2023-11-01T13:56:54+00:00\",\"breadcrumb\":{\"@id\":\"https:\/\/www.zorba.gr\/?page_id=507&lang=es#breadcrumb\"},\"inLanguage\":\"en-US\",\"potentialAction\":[{\"@type\":\"ReadAction\",\"target\":[\"https:\/\/www.zorba.gr\/?page_id=507&lang=es\"]}]},{\"@type\":\"BreadcrumbList\",\"@id\":\"https:\/\/www.zorba.gr\/?page_id=507&lang=es#breadcrumb\",\"itemListElement\":[{\"@type\":\"ListItem\",\"position\":1,\"name\":\"Home\",\"item\":\"https:\/\/www.zorba.gr\/\"},{\"@type\":\"ListItem\",\"position\":2,\"name\":\"Amar\"}]},{\"@type\":\"WebSite\",\"@id\":\"https:\/\/www.zorba.gr\/#website\",\"url\":\"https:\/\/www.zorba.gr\/\",\"name\":\"Zorba der Grieche\",\"description\":\"\",\"potentialAction\":[{\"@type\":\"SearchAction\",\"target\":{\"@type\":\"EntryPoint\",\"urlTemplate\":\"https:\/\/www.zorba.gr\/?s={search_term_string}\"},\"query-input\":\"required name=search_term_string\"}],\"inLanguage\":\"en-US\"}]}<\/script>\n<!-- \/ Yoast SEO plugin. -->","yoast_head_json":{"title":"Amar - Zorba der Grieche","robots":{"index":"index","follow":"follow","max-snippet":"max-snippet:-1","max-image-preview":"max-image-preview:large","max-video-preview":"max-video-preview:-1"},"canonical":"https:\/\/www.zorba.gr\/?page_id=507&lang=es","og_locale":"en_US","og_type":"article","og_title":"Amar - Zorba der Grieche","og_description":"&#8220;Zorba el Griego&#8221; es una obra maestra cinematogr\u00e1fica que arroja luz sobre el profundo poder del amor, tanto en sus formas m\u00e1s puras como en sus formas m\u00e1s complejas. En esencia, esta pel\u00edcula es un tributo a la naturaleza multifac\u00e9tica del amor: amor por la vida, amor por el otro y, en \u00faltima instancia, amor &hellip; Amar Read More &raquo;","og_url":"https:\/\/www.zorba.gr\/?page_id=507&lang=es","og_site_name":"Zorba der Grieche","og_image":[{"url":"https:\/\/is1-ssl.mzstatic.com\/image\/thumb\/0CTZ0ekdGgdxYCW0AL-S4A\/1200x675mf.jpg"}],"twitter_card":"summary_large_image","twitter_misc":{"Est. reading time":"2 minutes"},"schema":{"@context":"https:\/\/schema.org","@graph":[{"@type":"WebPage","@id":"https:\/\/www.zorba.gr\/?page_id=507&lang=es","url":"https:\/\/www.zorba.gr\/?page_id=507&lang=es","name":"Amar - Zorba der Grieche","isPartOf":{"@id":"https:\/\/www.zorba.gr\/#website"},"datePublished":"2023-11-01T13:56:54+00:00","dateModified":"2023-11-01T13:56:54+00:00","breadcrumb":{"@id":"https:\/\/www.zorba.gr\/?page_id=507&lang=es#breadcrumb"},"inLanguage":"en-US","potentialAction":[{"@type":"ReadAction","target":["https:\/\/www.zorba.gr\/?page_id=507&lang=es"]}]},{"@type":"BreadcrumbList","@id":"https:\/\/www.zorba.gr\/?page_id=507&lang=es#breadcrumb","itemListElement":[{"@type":"ListItem","position":1,"name":"Home","item":"https:\/\/www.zorba.gr\/"},{"@type":"ListItem","position":2,"name":"Amar"}]},{"@type":"WebSite","@id":"https:\/\/www.zorba.gr\/#website","url":"https:\/\/www.zorba.gr\/","name":"Zorba der Grieche","description":"","potentialAction":[{"@type":"SearchAction","target":{"@type":"EntryPoint","urlTemplate":"https:\/\/www.zorba.gr\/?s={search_term_string}"},"query-input":"required name=search_term_string"}],"inLanguage":"en-US"}]}},"_links":{"self":[{"href":"https:\/\/www.zorba.gr\/index.php?rest_route=\/wp\/v2\/pages\/507","targetHints":{"allow":["GET"]}}],"collection":[{"href":"https:\/\/www.zorba.gr\/index.php?rest_route=\/wp\/v2\/pages"}],"about":[{"href":"https:\/\/www.zorba.gr\/index.php?rest_route=\/wp\/v2\/types\/page"}],"author":[{"embeddable":true,"href":"https:\/\/www.zorba.gr\/index.php?rest_route=\/wp\/v2\/users\/1"}],"replies":[{"embeddable":true,"href":"https:\/\/www.zorba.gr\/index.php?rest_route=%2Fwp%2Fv2%2Fcomments&post=507"}],"version-history":[{"count":1,"href":"https:\/\/www.zorba.gr\/index.php?rest_route=\/wp\/v2\/pages\/507\/revisions"}],"predecessor-version":[{"id":508,"href":"https:\/\/www.zorba.gr\/index.php?rest_route=\/wp\/v2\/pages\/507\/revisions\/508"}],"wp:attachment":[{"href":"https:\/\/www.zorba.gr\/index.php?rest_route=%2Fwp%2Fv2%2Fmedia&parent=507"}],"curies":[{"name":"wp","href":"https:\/\/api.w.org\/{rel}","templated":true}]}}