{"id":509,"date":"2023-11-01T13:58:07","date_gmt":"2023-11-01T13:58:07","guid":{"rendered":"https:\/\/www.zorba.gr\/?page_id=509"},"modified":"2023-11-01T13:58:35","modified_gmt":"2023-11-01T13:58:35","slug":"libertad","status":"publish","type":"page","link":"https:\/\/www.zorba.gr\/?page_id=509&lang=es","title":{"rendered":"Libertad"},"content":{"rendered":"\n<p>&#8220;Zorba el Griego&#8221; trasciende ser s\u00f3lo una pel\u00edcula; Sirve como una oda duradera a la esencia de la libertad, un concepto que es a la vez estimulante y emancipador. Esta obra maestra cinematogr\u00e1fica, adaptada de la novela de Nikos Kazantzakis, nos presenta el vivaz personaje de Zorba, cuyo incontenible entusiasmo por la vida sirve como un potente recordatorio de que la libertad genuina reside en abrazar plenamente cada momento.<\/p>\n\n\n\n<p>Mientras nos embarcamos en un viaje junto a Zorba y su nuevo compa\u00f1ero, Basil, con el tel\u00f3n de fondo de las soleadas costas de Creta, somos testigos de la encarnaci\u00f3n de la libertad en su forma m\u00e1s aut\u00e9ntica. Zorba baila por la vida con un entusiasmo contagioso, libre de las limitaciones de las normas y expectativas sociales. Su alegr\u00eda desenfrenada sirve como testimonio conmovedor de la noci\u00f3n de que la libertad se extiende m\u00e1s all\u00e1 de la mera liberaci\u00f3n f\u00edsica; se trata, fundamentalmente, de liberarnos de los confines del miedo y la inhibici\u00f3n que a menudo nos impiden sumergirnos plenamente en la riqueza de la vida.<\/p>\n\n\n\n<p>&#8220;Zorba el griego&#8221; nos invita a examinar nuestras propias vidas y cuestionar las limitaciones autoimpuestas que hemos permitido que nos constri\u00f1an. Nos anima a liberar nuestro Zorba interior, dejar de lado nuestras reservas y aprovechar la libertad que emana de vivir aut\u00e9nticamente. En \u00faltima instancia, esta pel\u00edcula imparte la sabidur\u00eda de que la aut\u00e9ntica libertad no tiene sus ra\u00edces en la ausencia de limitaciones, sino en nuestra capacidad de bailar, re\u00edr y amar de todo coraz\u00f3n a pesar de ellas. Es un recordatorio convincente de que dentro de cada uno de nosotros reside la capacidad de vivir la vida con una pasi\u00f3n desenfrenada y la libertad de disfrutar cada momento precioso.<\/p>\n\n\n\n<figure class=\"wp-block-image size-large\"><img decoding=\"async\" src=\"https:\/\/www.themoviedb.org\/t\/p\/original\/rK22M6yVJgVTQSj91a8ILDJvwhM.jpg\" alt=\"\"\/><\/figure>\n\n\n\n<blockquote class=\"wp-block-quote is-layout-flow wp-block-quote-is-layout-flow\">\n<p>&#8220;Est\u00e1 bien, saldremos afuera donde Dios pueda vernos mejor&#8221;.<\/p>\n<cite><strong>Alexis Zorbas<\/strong><\/cite><\/blockquote>\n\n\n\n<p><\/p>\n","protected":false},"excerpt":{"rendered":"<p>&#8220;Zorba el Griego&#8221; trasciende ser s\u00f3lo una pel\u00edcula; Sirve como una oda duradera a la esencia de la libertad, un concepto que es a la vez estimulante y emancipador. Esta obra maestra cinematogr\u00e1fica, adaptada de la novela de Nikos Kazantzakis, nos presenta el vivaz personaje de Zorba, cuyo incontenible entusiasmo por la vida sirve como &hellip;<\/p>\n<p class=\"read-more\"> <a class=\"\" href=\"https:\/\/www.zorba.gr\/?page_id=509&#038;lang=es\"> <span class=\"screen-reader-text\">Libertad<\/span> Read More &raquo;<\/a><\/p>\n","protected":false},"author":1,"featured_media":0,"parent":0,"menu_order":0,"comment_status":"closed","ping_status":"closed","template":"","meta":{"site-sidebar-layout":"default","site-content-layout":"","ast-site-content-layout":"default","site-content-style":"default","site-sidebar-style":"default","ast-global-header-display":"","ast-banner-title-visibility":"","ast-main-header-display":"","ast-hfb-above-header-display":"","ast-hfb-below-header-display":"","ast-hfb-mobile-header-display":"","site-post-title":"","ast-breadcrumbs-content":"","ast-featured-img":"","footer-sml-layout":"","theme-transparent-header-meta":"","adv-header-id-meta":"","stick-header-meta":"","header-above-stick-meta":"","header-main-stick-meta":"","header-below-stick-meta":"","astra-migrate-meta-layouts":"set","ast-page-background-enabled":"default","ast-page-background-meta":{"desktop":{"background-color":"var(--ast-global-color-4)","background-image":"","background-repeat":"repeat","background-position":"center center","background-size":"auto","background-attachment":"scroll","background-type":"","background-media":"","overlay-type":"","overlay-color":"","overlay-gradient":""},"tablet":{"background-color":"","background-image":"","background-repeat":"repeat","background-position":"center center","background-size":"auto","background-attachment":"scroll","background-type":"","background-media":"","overlay-type":"","overlay-color":"","overlay-gradient":""},"mobile":{"background-color":"","background-image":"","background-repeat":"repeat","background-position":"center center","background-size":"auto","background-attachment":"scroll","background-type":"","background-media":"","overlay-type":"","overlay-color":"","overlay-gradient":""}},"ast-content-background-meta":{"desktop":{"background-color":"var(--ast-global-color-5)","background-image":"","background-repeat":"repeat","background-position":"center center","background-size":"auto","background-attachment":"scroll","background-type":"","background-media":"","overlay-type":"","overlay-color":"","overlay-gradient":""},"tablet":{"background-color":"var(--ast-global-color-5)","background-image":"","background-repeat":"repeat","background-position":"center center","background-size":"auto","background-attachment":"scroll","background-type":"","background-media":"","overlay-type":"","overlay-color":"","overlay-gradient":""},"mobile":{"background-color":"var(--ast-global-color-5)","background-image":"","background-repeat":"repeat","background-position":"center center","background-size":"auto","background-attachment":"scroll","background-type":"","background-media":"","overlay-type":"","overlay-color":"","overlay-gradient":""}},"footnotes":""},"class_list":["post-509","page","type-page","status-publish","hentry"],"yoast_head":"<!-- This site is optimized with the Yoast SEO plugin v21.5 - https:\/\/yoast.com\/wordpress\/plugins\/seo\/ -->\n<title>Libertad - Zorba der Grieche<\/title>\n<meta name=\"robots\" content=\"index, follow, max-snippet:-1, max-image-preview:large, max-video-preview:-1\" \/>\n<link rel=\"canonical\" href=\"https:\/\/www.zorba.gr\/?page_id=509&lang=es\" \/>\n<meta property=\"og:locale\" content=\"en_US\" \/>\n<meta property=\"og:type\" content=\"article\" \/>\n<meta property=\"og:title\" content=\"Libertad - Zorba der Grieche\" \/>\n<meta property=\"og:description\" content=\"&#8220;Zorba el Griego&#8221; trasciende ser s\u00f3lo una pel\u00edcula; Sirve como una oda duradera a la esencia de la libertad, un concepto que es a la vez estimulante y emancipador. Esta obra maestra cinematogr\u00e1fica, adaptada de la novela de Nikos Kazantzakis, nos presenta el vivaz personaje de Zorba, cuyo incontenible entusiasmo por la vida sirve como &hellip; Libertad Read More &raquo;\" \/>\n<meta property=\"og:url\" content=\"https:\/\/www.zorba.gr\/?page_id=509&amp;lang=es\" \/>\n<meta property=\"og:site_name\" content=\"Zorba der Grieche\" \/>\n<meta property=\"article:modified_time\" content=\"2023-11-01T13:58:35+00:00\" \/>\n<meta property=\"og:image\" content=\"https:\/\/www.themoviedb.org\/t\/p\/original\/rK22M6yVJgVTQSj91a8ILDJvwhM.jpg\" \/>\n<meta name=\"twitter:card\" content=\"summary_large_image\" \/>\n<meta name=\"twitter:label1\" content=\"Est. reading time\" \/>\n\t<meta name=\"twitter:data1\" content=\"2 minutes\" \/>\n<script type=\"application\/ld+json\" class=\"yoast-schema-graph\">{\"@context\":\"https:\/\/schema.org\",\"@graph\":[{\"@type\":\"WebPage\",\"@id\":\"https:\/\/www.zorba.gr\/?page_id=509&lang=es\",\"url\":\"https:\/\/www.zorba.gr\/?page_id=509&lang=es\",\"name\":\"Libertad - Zorba der Grieche\",\"isPartOf\":{\"@id\":\"https:\/\/www.zorba.gr\/#website\"},\"datePublished\":\"2023-11-01T13:58:07+00:00\",\"dateModified\":\"2023-11-01T13:58:35+00:00\",\"breadcrumb\":{\"@id\":\"https:\/\/www.zorba.gr\/?page_id=509&lang=es#breadcrumb\"},\"inLanguage\":\"en-US\",\"potentialAction\":[{\"@type\":\"ReadAction\",\"target\":[\"https:\/\/www.zorba.gr\/?page_id=509&lang=es\"]}]},{\"@type\":\"BreadcrumbList\",\"@id\":\"https:\/\/www.zorba.gr\/?page_id=509&lang=es#breadcrumb\",\"itemListElement\":[{\"@type\":\"ListItem\",\"position\":1,\"name\":\"Home\",\"item\":\"https:\/\/www.zorba.gr\/\"},{\"@type\":\"ListItem\",\"position\":2,\"name\":\"Libertad\"}]},{\"@type\":\"WebSite\",\"@id\":\"https:\/\/www.zorba.gr\/#website\",\"url\":\"https:\/\/www.zorba.gr\/\",\"name\":\"Zorba der Grieche\",\"description\":\"\",\"potentialAction\":[{\"@type\":\"SearchAction\",\"target\":{\"@type\":\"EntryPoint\",\"urlTemplate\":\"https:\/\/www.zorba.gr\/?s={search_term_string}\"},\"query-input\":\"required name=search_term_string\"}],\"inLanguage\":\"en-US\"}]}<\/script>\n<!-- \/ Yoast SEO plugin. -->","yoast_head_json":{"title":"Libertad - Zorba der Grieche","robots":{"index":"index","follow":"follow","max-snippet":"max-snippet:-1","max-image-preview":"max-image-preview:large","max-video-preview":"max-video-preview:-1"},"canonical":"https:\/\/www.zorba.gr\/?page_id=509&lang=es","og_locale":"en_US","og_type":"article","og_title":"Libertad - Zorba der Grieche","og_description":"&#8220;Zorba el Griego&#8221; trasciende ser s\u00f3lo una pel\u00edcula; Sirve como una oda duradera a la esencia de la libertad, un concepto que es a la vez estimulante y emancipador. Esta obra maestra cinematogr\u00e1fica, adaptada de la novela de Nikos Kazantzakis, nos presenta el vivaz personaje de Zorba, cuyo incontenible entusiasmo por la vida sirve como &hellip; Libertad Read More &raquo;","og_url":"https:\/\/www.zorba.gr\/?page_id=509&lang=es","og_site_name":"Zorba der Grieche","article_modified_time":"2023-11-01T13:58:35+00:00","og_image":[{"url":"https:\/\/www.themoviedb.org\/t\/p\/original\/rK22M6yVJgVTQSj91a8ILDJvwhM.jpg"}],"twitter_card":"summary_large_image","twitter_misc":{"Est. reading time":"2 minutes"},"schema":{"@context":"https:\/\/schema.org","@graph":[{"@type":"WebPage","@id":"https:\/\/www.zorba.gr\/?page_id=509&lang=es","url":"https:\/\/www.zorba.gr\/?page_id=509&lang=es","name":"Libertad - Zorba der Grieche","isPartOf":{"@id":"https:\/\/www.zorba.gr\/#website"},"datePublished":"2023-11-01T13:58:07+00:00","dateModified":"2023-11-01T13:58:35+00:00","breadcrumb":{"@id":"https:\/\/www.zorba.gr\/?page_id=509&lang=es#breadcrumb"},"inLanguage":"en-US","potentialAction":[{"@type":"ReadAction","target":["https:\/\/www.zorba.gr\/?page_id=509&lang=es"]}]},{"@type":"BreadcrumbList","@id":"https:\/\/www.zorba.gr\/?page_id=509&lang=es#breadcrumb","itemListElement":[{"@type":"ListItem","position":1,"name":"Home","item":"https:\/\/www.zorba.gr\/"},{"@type":"ListItem","position":2,"name":"Libertad"}]},{"@type":"WebSite","@id":"https:\/\/www.zorba.gr\/#website","url":"https:\/\/www.zorba.gr\/","name":"Zorba der Grieche","description":"","potentialAction":[{"@type":"SearchAction","target":{"@type":"EntryPoint","urlTemplate":"https:\/\/www.zorba.gr\/?s={search_term_string}"},"query-input":"required name=search_term_string"}],"inLanguage":"en-US"}]}},"_links":{"self":[{"href":"https:\/\/www.zorba.gr\/index.php?rest_route=\/wp\/v2\/pages\/509","targetHints":{"allow":["GET"]}}],"collection":[{"href":"https:\/\/www.zorba.gr\/index.php?rest_route=\/wp\/v2\/pages"}],"about":[{"href":"https:\/\/www.zorba.gr\/index.php?rest_route=\/wp\/v2\/types\/page"}],"author":[{"embeddable":true,"href":"https:\/\/www.zorba.gr\/index.php?rest_route=\/wp\/v2\/users\/1"}],"replies":[{"embeddable":true,"href":"https:\/\/www.zorba.gr\/index.php?rest_route=%2Fwp%2Fv2%2Fcomments&post=509"}],"version-history":[{"count":2,"href":"https:\/\/www.zorba.gr\/index.php?rest_route=\/wp\/v2\/pages\/509\/revisions"}],"predecessor-version":[{"id":511,"href":"https:\/\/www.zorba.gr\/index.php?rest_route=\/wp\/v2\/pages\/509\/revisions\/511"}],"wp:attachment":[{"href":"https:\/\/www.zorba.gr\/index.php?rest_route=%2Fwp%2Fv2%2Fmedia&parent=509"}],"curies":[{"name":"wp","href":"https:\/\/api.w.org\/{rel}","templated":true}]}}