{"id":528,"date":"2023-11-01T14:10:25","date_gmt":"2023-11-01T14:10:25","guid":{"rendered":"https:\/\/www.zorba.gr\/?page_id=528"},"modified":"2023-11-01T14:10:25","modified_gmt":"2023-11-01T14:10:25","slug":"zorba-le-grec","status":"publish","type":"page","link":"https:\/\/www.zorba.gr\/?page_id=528&lang=fr","title":{"rendered":"ZORBA LE GREC"},"content":{"rendered":"\n<p>Bienvenue sur notre site!<\/p>\n\n\n\n<p>Ceci est une page d\u00e9di\u00e9e \u00e0 Alexis Zorba!<\/p>\n\n\n\n<p>\u00c0 travers nos pages, nous tenterons de pr\u00e9senter divers aspects de la culture et de la personnalit\u00e9 grecques en les combinant avec le roman de Nikos Kazantzakis intitul\u00e9 \u00ab Vie et \u0153uvres d&#8217;Alexis Zorba \u00bb, publi\u00e9 pour la premi\u00e8re fois \u00e0 Ath\u00e8nes en 1946.<\/p>\n\n\n\n<p>Nous vous proposons de d\u00e9couvrir l&#8217;univers d&#8217;Alexis Zorba \u00e0 travers nos yeux et de partager notre amour pour ce personnage litt\u00e9raire marquant de la litt\u00e9rature grecque.<\/p>\n","protected":false},"excerpt":{"rendered":"<p>Bienvenue sur notre site! Ceci est une page d\u00e9di\u00e9e \u00e0 Alexis Zorba! \u00c0 travers nos pages, nous tenterons de pr\u00e9senter divers aspects de la culture et de la personnalit\u00e9 grecques en les combinant avec le roman de Nikos Kazantzakis intitul\u00e9 \u00ab Vie et \u0153uvres d&#8217;Alexis Zorba \u00bb, publi\u00e9 pour la premi\u00e8re fois \u00e0 Ath\u00e8nes en &hellip;<\/p>\n<p class=\"read-more\"> <a class=\"\" href=\"https:\/\/www.zorba.gr\/?page_id=528&#038;lang=fr\"> <span class=\"screen-reader-text\">ZORBA LE GREC<\/span> Read More &raquo;<\/a><\/p>\n","protected":false},"author":1,"featured_media":0,"parent":0,"menu_order":0,"comment_status":"closed","ping_status":"closed","template":"","meta":{"site-sidebar-layout":"default","site-content-layout":"","ast-site-content-layout":"default","site-content-style":"default","site-sidebar-style":"default","ast-global-header-display":"","ast-banner-title-visibility":"","ast-main-header-display":"","ast-hfb-above-header-display":"","ast-hfb-below-header-display":"","ast-hfb-mobile-header-display":"","site-post-title":"","ast-breadcrumbs-content":"","ast-featured-img":"","footer-sml-layout":"","theme-transparent-header-meta":"","adv-header-id-meta":"","stick-header-meta":"","header-above-stick-meta":"","header-main-stick-meta":"","header-below-stick-meta":"","astra-migrate-meta-layouts":"set","ast-page-background-enabled":"default","ast-page-background-meta":{"desktop":{"background-color":"var(--ast-global-color-4)","background-image":"","background-repeat":"repeat","background-position":"center center","background-size":"auto","background-attachment":"scroll","background-type":"","background-media":"","overlay-type":"","overlay-color":"","overlay-gradient":""},"tablet":{"background-color":"","background-image":"","background-repeat":"repeat","background-position":"center center","background-size":"auto","background-attachment":"scroll","background-type":"","background-media":"","overlay-type":"","overlay-color":"","overlay-gradient":""},"mobile":{"background-color":"","background-image":"","background-repeat":"repeat","background-position":"center center","background-size":"auto","background-attachment":"scroll","background-type":"","background-media":"","overlay-type":"","overlay-color":"","overlay-gradient":""}},"ast-content-background-meta":{"desktop":{"background-color":"var(--ast-global-color-5)","background-image":"","background-repeat":"repeat","background-position":"center center","background-size":"auto","background-attachment":"scroll","background-type":"","background-media":"","overlay-type":"","overlay-color":"","overlay-gradient":""},"tablet":{"background-color":"var(--ast-global-color-5)","background-image":"","background-repeat":"repeat","background-position":"center center","background-size":"auto","background-attachment":"scroll","background-type":"","background-media":"","overlay-type":"","overlay-color":"","overlay-gradient":""},"mobile":{"background-color":"var(--ast-global-color-5)","background-image":"","background-repeat":"repeat","background-position":"center center","background-size":"auto","background-attachment":"scroll","background-type":"","background-media":"","overlay-type":"","overlay-color":"","overlay-gradient":""}},"footnotes":""},"class_list":["post-528","page","type-page","status-publish","hentry"],"yoast_head":"<!-- This site is optimized with the Yoast SEO plugin v21.5 - https:\/\/yoast.com\/wordpress\/plugins\/seo\/ -->\n<title>ZORBA THE GREEK<\/title>\n<meta name=\"robots\" content=\"index, follow, max-snippet:-1, max-image-preview:large, max-video-preview:-1\" \/>\n<link rel=\"canonical\" href=\"https:\/\/www.zorba.gr\/?page_id=528&lang=fr\" \/>\n<meta property=\"og:locale\" content=\"en_US\" \/>\n<meta property=\"og:type\" content=\"article\" \/>\n<meta property=\"og:title\" content=\"ZORBA THE GREEK\" \/>\n<meta property=\"og:description\" content=\"Bienvenue sur notre site! Ceci est une page d\u00e9di\u00e9e \u00e0 Alexis Zorba! \u00c0 travers nos pages, nous tenterons de pr\u00e9senter divers aspects de la culture et de la personnalit\u00e9 grecques en les combinant avec le roman de Nikos Kazantzakis intitul\u00e9 \u00ab Vie et \u0153uvres d&#8217;Alexis Zorba \u00bb, publi\u00e9 pour la premi\u00e8re fois \u00e0 Ath\u00e8nes en &hellip; ZORBA LE GREC Read More &raquo;\" \/>\n<meta property=\"og:url\" content=\"https:\/\/www.zorba.gr\/?page_id=528&amp;lang=fr\" \/>\n<meta property=\"og:site_name\" content=\"Zorba der Grieche\" \/>\n<meta name=\"twitter:card\" content=\"summary_large_image\" \/>\n<meta name=\"twitter:label1\" content=\"Est. reading time\" \/>\n\t<meta name=\"twitter:data1\" content=\"1 minute\" \/>\n<script type=\"application\/ld+json\" class=\"yoast-schema-graph\">{\"@context\":\"https:\/\/schema.org\",\"@graph\":[{\"@type\":\"WebPage\",\"@id\":\"https:\/\/www.zorba.gr\/?page_id=528&lang=fr\",\"url\":\"https:\/\/www.zorba.gr\/?page_id=528&lang=fr\",\"name\":\"ZORBA THE GREEK\",\"isPartOf\":{\"@id\":\"https:\/\/www.zorba.gr\/#website\"},\"datePublished\":\"2023-11-01T14:10:25+00:00\",\"dateModified\":\"2023-11-01T14:10:25+00:00\",\"breadcrumb\":{\"@id\":\"https:\/\/www.zorba.gr\/?page_id=528&lang=fr#breadcrumb\"},\"inLanguage\":\"en-US\",\"potentialAction\":[{\"@type\":\"ReadAction\",\"target\":[\"https:\/\/www.zorba.gr\/?page_id=528&lang=fr\"]}]},{\"@type\":\"BreadcrumbList\",\"@id\":\"https:\/\/www.zorba.gr\/?page_id=528&lang=fr#breadcrumb\",\"itemListElement\":[{\"@type\":\"ListItem\",\"position\":1,\"name\":\"Home\",\"item\":\"https:\/\/www.zorba.gr\/\"},{\"@type\":\"ListItem\",\"position\":2,\"name\":\"ZORBA LE GREC\"}]},{\"@type\":\"WebSite\",\"@id\":\"https:\/\/www.zorba.gr\/#website\",\"url\":\"https:\/\/www.zorba.gr\/\",\"name\":\"Zorba der Grieche\",\"description\":\"\",\"potentialAction\":[{\"@type\":\"SearchAction\",\"target\":{\"@type\":\"EntryPoint\",\"urlTemplate\":\"https:\/\/www.zorba.gr\/?s={search_term_string}\"},\"query-input\":\"required name=search_term_string\"}],\"inLanguage\":\"en-US\"}]}<\/script>\n<!-- \/ Yoast SEO plugin. -->","yoast_head_json":{"title":"ZORBA THE GREEK","robots":{"index":"index","follow":"follow","max-snippet":"max-snippet:-1","max-image-preview":"max-image-preview:large","max-video-preview":"max-video-preview:-1"},"canonical":"https:\/\/www.zorba.gr\/?page_id=528&lang=fr","og_locale":"en_US","og_type":"article","og_title":"ZORBA THE GREEK","og_description":"Bienvenue sur notre site! Ceci est une page d\u00e9di\u00e9e \u00e0 Alexis Zorba! \u00c0 travers nos pages, nous tenterons de pr\u00e9senter divers aspects de la culture et de la personnalit\u00e9 grecques en les combinant avec le roman de Nikos Kazantzakis intitul\u00e9 \u00ab Vie et \u0153uvres d&#8217;Alexis Zorba \u00bb, publi\u00e9 pour la premi\u00e8re fois \u00e0 Ath\u00e8nes en &hellip; ZORBA LE GREC Read More &raquo;","og_url":"https:\/\/www.zorba.gr\/?page_id=528&lang=fr","og_site_name":"Zorba der Grieche","twitter_card":"summary_large_image","twitter_misc":{"Est. reading time":"1 minute"},"schema":{"@context":"https:\/\/schema.org","@graph":[{"@type":"WebPage","@id":"https:\/\/www.zorba.gr\/?page_id=528&lang=fr","url":"https:\/\/www.zorba.gr\/?page_id=528&lang=fr","name":"ZORBA THE GREEK","isPartOf":{"@id":"https:\/\/www.zorba.gr\/#website"},"datePublished":"2023-11-01T14:10:25+00:00","dateModified":"2023-11-01T14:10:25+00:00","breadcrumb":{"@id":"https:\/\/www.zorba.gr\/?page_id=528&lang=fr#breadcrumb"},"inLanguage":"en-US","potentialAction":[{"@type":"ReadAction","target":["https:\/\/www.zorba.gr\/?page_id=528&lang=fr"]}]},{"@type":"BreadcrumbList","@id":"https:\/\/www.zorba.gr\/?page_id=528&lang=fr#breadcrumb","itemListElement":[{"@type":"ListItem","position":1,"name":"Home","item":"https:\/\/www.zorba.gr\/"},{"@type":"ListItem","position":2,"name":"ZORBA LE GREC"}]},{"@type":"WebSite","@id":"https:\/\/www.zorba.gr\/#website","url":"https:\/\/www.zorba.gr\/","name":"Zorba der Grieche","description":"","potentialAction":[{"@type":"SearchAction","target":{"@type":"EntryPoint","urlTemplate":"https:\/\/www.zorba.gr\/?s={search_term_string}"},"query-input":"required name=search_term_string"}],"inLanguage":"en-US"}]}},"_links":{"self":[{"href":"https:\/\/www.zorba.gr\/index.php?rest_route=\/wp\/v2\/pages\/528","targetHints":{"allow":["GET"]}}],"collection":[{"href":"https:\/\/www.zorba.gr\/index.php?rest_route=\/wp\/v2\/pages"}],"about":[{"href":"https:\/\/www.zorba.gr\/index.php?rest_route=\/wp\/v2\/types\/page"}],"author":[{"embeddable":true,"href":"https:\/\/www.zorba.gr\/index.php?rest_route=\/wp\/v2\/users\/1"}],"replies":[{"embeddable":true,"href":"https:\/\/www.zorba.gr\/index.php?rest_route=%2Fwp%2Fv2%2Fcomments&post=528"}],"version-history":[{"count":1,"href":"https:\/\/www.zorba.gr\/index.php?rest_route=\/wp\/v2\/pages\/528\/revisions"}],"predecessor-version":[{"id":529,"href":"https:\/\/www.zorba.gr\/index.php?rest_route=\/wp\/v2\/pages\/528\/revisions\/529"}],"wp:attachment":[{"href":"https:\/\/www.zorba.gr\/index.php?rest_route=%2Fwp%2Fv2%2Fmedia&parent=528"}],"curies":[{"name":"wp","href":"https:\/\/api.w.org\/{rel}","templated":true}]}}