{"id":546,"date":"2023-11-01T14:22:20","date_gmt":"2023-11-01T14:22:20","guid":{"rendered":"https:\/\/www.zorba.gr\/?page_id=546"},"modified":"2023-11-01T14:22:21","modified_gmt":"2023-11-01T14:22:21","slug":"liberte","status":"publish","type":"page","link":"https:\/\/www.zorba.gr\/?page_id=546&lang=fr","title":{"rendered":"Libert\u00e9"},"content":{"rendered":"\n<p>\u00ab Zorba le Grec \u00bb transcende le simple fait d&#8217;\u00eatre un film ; il constitue une ode durable \u00e0 l\u2019essence de la libert\u00e9, un concept \u00e0 la fois exaltant et \u00e9mancipateur. Ce chef-d&#8217;\u0153uvre cin\u00e9matographique, adapt\u00e9 du roman de Nikos Kazantzakis, nous pr\u00e9sente le personnage vif de Zorba, dont la joie de vivre incontr\u00f4lable nous rappelle avec force que la v\u00e9ritable libert\u00e9 r\u00e9side dans le fait d&#8217;accepter pleinement chaque instant.<\/p>\n\n\n\n<p>Alors que nous embarquons pour un voyage aux c\u00f4t\u00e9s de Zorba et de son nouveau compagnon, Basil, sur fond de c\u00f4tes ensoleill\u00e9es de Cr\u00e8te, nous assistons \u00e0 l&#8217;incarnation de la libert\u00e9 dans sa forme la plus vraie. Zorba danse \u00e0 travers la vie avec un enthousiasme contagieux, lib\u00e9r\u00e9 des contraintes des normes et attentes soci\u00e9tales. Sa joie d\u00e9brid\u00e9e constitue un t\u00e9moignage poignant de l\u2019id\u00e9e que la libert\u00e9 s\u2019\u00e9tend au-del\u00e0 de la simple lib\u00e9ration physique ; il s&#8217;agit fondamentalement de nous lib\u00e9rer des limites de la peur et de l&#8217;inhibition qui nous emp\u00eachent souvent de nous immerger pleinement dans la richesse de la vie.<\/p>\n\n\n\n<p>&#8220;Zorba le Grec&#8221; nous invite \u00e0 scruter nos propres vies et \u00e0 remettre en question les limites que nous nous sommes impos\u00e9es. Cela nous encourage \u00e0 lib\u00e9rer notre Zorba int\u00e9rieur, \u00e0 mettre de c\u00f4t\u00e9 nos r\u00e9serves et \u00e0 saisir la libert\u00e9 qui \u00e9mane d\u2019une vie authentique. En fin de compte, ce film transmet la sagesse selon laquelle la libert\u00e9 authentique ne s&#8217;enracine pas dans l&#8217;absence de contraintes mais dans notre capacit\u00e9 \u00e0 danser, rire et aimer de tout c\u0153ur malgr\u00e9 elles. C\u2019est un rappel convaincant qu\u2019en chacun de nous r\u00e9side la capacit\u00e9 de vivre la vie avec une passion d\u00e9brid\u00e9e et la libert\u00e9 de savourer chaque instant pr\u00e9cieux.<\/p>\n\n\n\n<figure class=\"wp-block-image size-large\"><img decoding=\"async\" src=\"https:\/\/www.themoviedb.org\/t\/p\/original\/rK22M6yVJgVTQSj91a8ILDJvwhM.jpg\" alt=\"\"\/><\/figure>\n\n\n\n<blockquote class=\"wp-block-quote is-layout-flow wp-block-quote-is-layout-flow\">\n<p>&#8220;Tr\u00e8s bien, nous sortons l\u00e0 o\u00f9 Dieu peut mieux nous voir.&#8221;<\/p>\n<cite><strong>Alexis Zorbas<\/strong><\/cite><\/blockquote>\n\n\n\n<p><\/p>\n","protected":false},"excerpt":{"rendered":"<p>\u00ab Zorba le Grec \u00bb transcende le simple fait d&#8217;\u00eatre un film ; il constitue une ode durable \u00e0 l\u2019essence de la libert\u00e9, un concept \u00e0 la fois exaltant et \u00e9mancipateur. Ce chef-d&#8217;\u0153uvre cin\u00e9matographique, adapt\u00e9 du roman de Nikos Kazantzakis, nous pr\u00e9sente le personnage vif de Zorba, dont la joie de vivre incontr\u00f4lable nous rappelle &hellip;<\/p>\n<p class=\"read-more\"> <a class=\"\" href=\"https:\/\/www.zorba.gr\/?page_id=546&#038;lang=fr\"> <span class=\"screen-reader-text\">Libert\u00e9<\/span> Read More &raquo;<\/a><\/p>\n","protected":false},"author":1,"featured_media":0,"parent":0,"menu_order":0,"comment_status":"closed","ping_status":"closed","template":"","meta":{"site-sidebar-layout":"default","site-content-layout":"","ast-site-content-layout":"default","site-content-style":"default","site-sidebar-style":"default","ast-global-header-display":"","ast-banner-title-visibility":"","ast-main-header-display":"","ast-hfb-above-header-display":"","ast-hfb-below-header-display":"","ast-hfb-mobile-header-display":"","site-post-title":"","ast-breadcrumbs-content":"","ast-featured-img":"","footer-sml-layout":"","theme-transparent-header-meta":"","adv-header-id-meta":"","stick-header-meta":"","header-above-stick-meta":"","header-main-stick-meta":"","header-below-stick-meta":"","astra-migrate-meta-layouts":"set","ast-page-background-enabled":"default","ast-page-background-meta":{"desktop":{"background-color":"var(--ast-global-color-4)","background-image":"","background-repeat":"repeat","background-position":"center center","background-size":"auto","background-attachment":"scroll","background-type":"","background-media":"","overlay-type":"","overlay-color":"","overlay-gradient":""},"tablet":{"background-color":"","background-image":"","background-repeat":"repeat","background-position":"center center","background-size":"auto","background-attachment":"scroll","background-type":"","background-media":"","overlay-type":"","overlay-color":"","overlay-gradient":""},"mobile":{"background-color":"","background-image":"","background-repeat":"repeat","background-position":"center center","background-size":"auto","background-attachment":"scroll","background-type":"","background-media":"","overlay-type":"","overlay-color":"","overlay-gradient":""}},"ast-content-background-meta":{"desktop":{"background-color":"var(--ast-global-color-5)","background-image":"","background-repeat":"repeat","background-position":"center center","background-size":"auto","background-attachment":"scroll","background-type":"","background-media":"","overlay-type":"","overlay-color":"","overlay-gradient":""},"tablet":{"background-color":"var(--ast-global-color-5)","background-image":"","background-repeat":"repeat","background-position":"center center","background-size":"auto","background-attachment":"scroll","background-type":"","background-media":"","overlay-type":"","overlay-color":"","overlay-gradient":""},"mobile":{"background-color":"var(--ast-global-color-5)","background-image":"","background-repeat":"repeat","background-position":"center center","background-size":"auto","background-attachment":"scroll","background-type":"","background-media":"","overlay-type":"","overlay-color":"","overlay-gradient":""}},"footnotes":""},"class_list":["post-546","page","type-page","status-publish","hentry"],"yoast_head":"<!-- This site is optimized with the Yoast SEO plugin v21.5 - https:\/\/yoast.com\/wordpress\/plugins\/seo\/ -->\n<title>Libert\u00e9 - Zorba der Grieche<\/title>\n<meta name=\"robots\" content=\"index, follow, max-snippet:-1, max-image-preview:large, max-video-preview:-1\" \/>\n<link rel=\"canonical\" href=\"https:\/\/www.zorba.gr\/?page_id=546&lang=fr\" \/>\n<meta property=\"og:locale\" content=\"en_US\" \/>\n<meta property=\"og:type\" content=\"article\" \/>\n<meta property=\"og:title\" content=\"Libert\u00e9 - Zorba der Grieche\" \/>\n<meta property=\"og:description\" content=\"\u00ab Zorba le Grec \u00bb transcende le simple fait d&#8217;\u00eatre un film ; il constitue une ode durable \u00e0 l\u2019essence de la libert\u00e9, un concept \u00e0 la fois exaltant et \u00e9mancipateur. Ce chef-d&#8217;\u0153uvre cin\u00e9matographique, adapt\u00e9 du roman de Nikos Kazantzakis, nous pr\u00e9sente le personnage vif de Zorba, dont la joie de vivre incontr\u00f4lable nous rappelle &hellip; Libert\u00e9 Read More &raquo;\" \/>\n<meta property=\"og:url\" content=\"https:\/\/www.zorba.gr\/?page_id=546&amp;lang=fr\" \/>\n<meta property=\"og:site_name\" content=\"Zorba der Grieche\" \/>\n<meta property=\"article:modified_time\" content=\"2023-11-01T14:22:21+00:00\" \/>\n<meta property=\"og:image\" content=\"https:\/\/www.themoviedb.org\/t\/p\/original\/rK22M6yVJgVTQSj91a8ILDJvwhM.jpg\" \/>\n<meta name=\"twitter:card\" content=\"summary_large_image\" \/>\n<meta name=\"twitter:label1\" content=\"Est. reading time\" \/>\n\t<meta name=\"twitter:data1\" content=\"2 minutes\" \/>\n<script type=\"application\/ld+json\" class=\"yoast-schema-graph\">{\"@context\":\"https:\/\/schema.org\",\"@graph\":[{\"@type\":\"WebPage\",\"@id\":\"https:\/\/www.zorba.gr\/?page_id=546&lang=fr\",\"url\":\"https:\/\/www.zorba.gr\/?page_id=546&lang=fr\",\"name\":\"Libert\u00e9 - Zorba der Grieche\",\"isPartOf\":{\"@id\":\"https:\/\/www.zorba.gr\/#website\"},\"datePublished\":\"2023-11-01T14:22:20+00:00\",\"dateModified\":\"2023-11-01T14:22:21+00:00\",\"breadcrumb\":{\"@id\":\"https:\/\/www.zorba.gr\/?page_id=546&lang=fr#breadcrumb\"},\"inLanguage\":\"en-US\",\"potentialAction\":[{\"@type\":\"ReadAction\",\"target\":[\"https:\/\/www.zorba.gr\/?page_id=546&lang=fr\"]}]},{\"@type\":\"BreadcrumbList\",\"@id\":\"https:\/\/www.zorba.gr\/?page_id=546&lang=fr#breadcrumb\",\"itemListElement\":[{\"@type\":\"ListItem\",\"position\":1,\"name\":\"Home\",\"item\":\"https:\/\/www.zorba.gr\/\"},{\"@type\":\"ListItem\",\"position\":2,\"name\":\"Libert\u00e9\"}]},{\"@type\":\"WebSite\",\"@id\":\"https:\/\/www.zorba.gr\/#website\",\"url\":\"https:\/\/www.zorba.gr\/\",\"name\":\"Zorba der Grieche\",\"description\":\"\",\"potentialAction\":[{\"@type\":\"SearchAction\",\"target\":{\"@type\":\"EntryPoint\",\"urlTemplate\":\"https:\/\/www.zorba.gr\/?s={search_term_string}\"},\"query-input\":\"required name=search_term_string\"}],\"inLanguage\":\"en-US\"}]}<\/script>\n<!-- \/ Yoast SEO plugin. -->","yoast_head_json":{"title":"Libert\u00e9 - Zorba der Grieche","robots":{"index":"index","follow":"follow","max-snippet":"max-snippet:-1","max-image-preview":"max-image-preview:large","max-video-preview":"max-video-preview:-1"},"canonical":"https:\/\/www.zorba.gr\/?page_id=546&lang=fr","og_locale":"en_US","og_type":"article","og_title":"Libert\u00e9 - Zorba der Grieche","og_description":"\u00ab Zorba le Grec \u00bb transcende le simple fait d&#8217;\u00eatre un film ; il constitue une ode durable \u00e0 l\u2019essence de la libert\u00e9, un concept \u00e0 la fois exaltant et \u00e9mancipateur. Ce chef-d&#8217;\u0153uvre cin\u00e9matographique, adapt\u00e9 du roman de Nikos Kazantzakis, nous pr\u00e9sente le personnage vif de Zorba, dont la joie de vivre incontr\u00f4lable nous rappelle &hellip; Libert\u00e9 Read More &raquo;","og_url":"https:\/\/www.zorba.gr\/?page_id=546&lang=fr","og_site_name":"Zorba der Grieche","article_modified_time":"2023-11-01T14:22:21+00:00","og_image":[{"url":"https:\/\/www.themoviedb.org\/t\/p\/original\/rK22M6yVJgVTQSj91a8ILDJvwhM.jpg"}],"twitter_card":"summary_large_image","twitter_misc":{"Est. reading time":"2 minutes"},"schema":{"@context":"https:\/\/schema.org","@graph":[{"@type":"WebPage","@id":"https:\/\/www.zorba.gr\/?page_id=546&lang=fr","url":"https:\/\/www.zorba.gr\/?page_id=546&lang=fr","name":"Libert\u00e9 - Zorba der Grieche","isPartOf":{"@id":"https:\/\/www.zorba.gr\/#website"},"datePublished":"2023-11-01T14:22:20+00:00","dateModified":"2023-11-01T14:22:21+00:00","breadcrumb":{"@id":"https:\/\/www.zorba.gr\/?page_id=546&lang=fr#breadcrumb"},"inLanguage":"en-US","potentialAction":[{"@type":"ReadAction","target":["https:\/\/www.zorba.gr\/?page_id=546&lang=fr"]}]},{"@type":"BreadcrumbList","@id":"https:\/\/www.zorba.gr\/?page_id=546&lang=fr#breadcrumb","itemListElement":[{"@type":"ListItem","position":1,"name":"Home","item":"https:\/\/www.zorba.gr\/"},{"@type":"ListItem","position":2,"name":"Libert\u00e9"}]},{"@type":"WebSite","@id":"https:\/\/www.zorba.gr\/#website","url":"https:\/\/www.zorba.gr\/","name":"Zorba der Grieche","description":"","potentialAction":[{"@type":"SearchAction","target":{"@type":"EntryPoint","urlTemplate":"https:\/\/www.zorba.gr\/?s={search_term_string}"},"query-input":"required name=search_term_string"}],"inLanguage":"en-US"}]}},"_links":{"self":[{"href":"https:\/\/www.zorba.gr\/index.php?rest_route=\/wp\/v2\/pages\/546","targetHints":{"allow":["GET"]}}],"collection":[{"href":"https:\/\/www.zorba.gr\/index.php?rest_route=\/wp\/v2\/pages"}],"about":[{"href":"https:\/\/www.zorba.gr\/index.php?rest_route=\/wp\/v2\/types\/page"}],"author":[{"embeddable":true,"href":"https:\/\/www.zorba.gr\/index.php?rest_route=\/wp\/v2\/users\/1"}],"replies":[{"embeddable":true,"href":"https:\/\/www.zorba.gr\/index.php?rest_route=%2Fwp%2Fv2%2Fcomments&post=546"}],"version-history":[{"count":1,"href":"https:\/\/www.zorba.gr\/index.php?rest_route=\/wp\/v2\/pages\/546\/revisions"}],"predecessor-version":[{"id":547,"href":"https:\/\/www.zorba.gr\/index.php?rest_route=\/wp\/v2\/pages\/546\/revisions\/547"}],"wp:attachment":[{"href":"https:\/\/www.zorba.gr\/index.php?rest_route=%2Fwp%2Fv2%2Fmedia&parent=546"}],"curies":[{"name":"wp","href":"https:\/\/api.w.org\/{rel}","templated":true}]}}